{"id":81,"date":"2022-08-31T11:25:30","date_gmt":"2022-08-31T11:25:30","guid":{"rendered":"https:\/\/bearwatchingslovenia.com\/?page_id=81"},"modified":"2022-09-05T13:08:48","modified_gmt":"2022-09-05T13:08:48","slug":"partners","status":"publish","type":"page","link":"https:\/\/bearwatchingslovenia.com\/nl\/partners\/","title":{"rendered":"Partners"},"content":{"rendered":"<h3 class=\"wp-block-heading\"><a href=\"https:\/\/winetastingbled.com\/\" target=\"_blank\" rel=\"noreferrer noopener\">WIJNPROEVERIJ BLOEDE<\/a><\/h3>\n\n\n\n<p>Maak op de juiste manier kennis met Sloveense wijnen. Proef 7 beste Sloveense wijnen uit verschillende wijnregio's en leer wetenswaardigheden over wijn in een 100 jaar oude wijnkelder!<\/p>\n\n\n\n<h3 class=\"wp-block-heading\"><a href=\"https:\/\/winetastingljubljana.com\/\" target=\"_blank\" rel=\"noreferrer noopener\">WIJNPROEVERIJ LJUBLJANA<\/a><\/h3>\n\n\n\n<p>Geniet van het proeven van 7 van de beste lokale wijnen uit verschillende wijnproducerende regio's van Sloveni\u00eb in het hart van onze hoofdstad, Ljubljana.<\/p>\n\n\n\n<h3 class=\"wp-block-heading\"><a href=\"https:\/\/slocally.com\/\" target=\"_blank\" rel=\"noreferrer noopener\">SLECHT<\/a><\/h3>\n\n\n\n<p>Verblijf in Herbal Rooms Homestay en ontdek de So\u010da vallei en aangrenzende regio's. Deze plaats is genesteld tussen de Julische Alpen en de Middellandse Zee, door middel van lokale ervaringen.<\/p>\n\n\n\n<h3 class=\"wp-block-heading\"><a href=\"https:\/\/freedamtours.com\/\" target=\"_blank\" rel=\"noreferrer noopener\">FREEDAM TOURS<\/a><\/h3>\n\n\n\n<p>De enige gratis wandeling in Amsterdam die de kwaliteit biedt van een kleine, hoogwaardige boetiektour.<\/p>\n\n\n\n<h3 class=\"wp-block-heading\"><a href=\"https:\/\/motomaniac.com.my\/\" target=\"_blank\" rel=\"noreferrer noopener\">MOTOMANIAC ADVENTURE CO.<\/a><\/h3>\n\n\n\n<p>Onge\u00ebvenaarde excursies op crossmotoren over de beste off-road paden van Maleisi\u00eb.  Als u deze spannende zoektocht onderneemt, zult u delen van het land ontdekken waarvan u het bestaan niet vermoedde.<\/p>\n\n\n\n<p><strong><a rel=\"noreferrer noopener\" href=\"https:\/\/biketourljubljana.com\/\" target=\"_blank\"><br>FIETSTOCHT LJUBLJANA<\/a><\/strong><\/p>\n\n\n\n<p>Een ontspannen, levendige en leuke weg door de taferelen en het rijke culturele erfgoed van Ljubljana. Naast prachtige bezienswaardigheden, delen we ook intrigerende verhalen uit het verleden en de actuele gebeurtenissen in de stad.<\/p>\n\n\n\n<h3 class=\"wp-block-heading\"><strong><a href=\"http:\/\/day-trips-slovenia.com\/\" target=\"_blank\" rel=\"noreferrer noopener\">DAGTOCHTEN SLOVENI\u00cb<\/a><\/strong><\/h3>\n\n\n\n<p>Een kleine groep dagtochten en priv\u00e9 tours vanuit Ljubljana, Bled, Koper, Zagreb en Veneti\u00eb om de beste plekken in Sloveni\u00eb te zien in combinatie met dagtochten naar buurlanden Kroati\u00eb en Itali\u00eb.<\/p>\n\n\n\n<h3 class=\"wp-block-heading\"><strong><a href=\"http:\/\/fishing-guides-slovenia.com\/\" target=\"_blank\" rel=\"noreferrer noopener\">VISGIDSEN SLOVENI\u00cb<\/a><\/strong><\/h3>\n\n\n\n<p>Onvergetelijke viservaring (trip &amp; vakantie, verhuur van uitrusting) met lokale vissers op prachtige verborgen plekjes in heel Sloveni\u00eb.<\/p>\n\n\n\n<h3 class=\"wp-block-heading\"><strong><a href=\"https:\/\/slovenia-holidays.com\/\" target=\"_blank\" rel=\"noreferrer noopener\">SLOVENI\u00cb VAKANTIE<\/a><\/strong><\/h3>\n\n\n\n<p>De grootste verscheidenheid aan vakanties in Sloveni\u00eb. Van actieve en avontuurlijke pakketten, tot georganiseerde reizen met outdoor activiteiten, van familievakanties en relaxte stedentrips, tot luxe en op maat gemaakte vakanties. Wat uw voorkeur ook is, Sloveni\u00eb Holidays biedt u de beste begeleide en zelfbegeleide reizen.<\/p>\n\n\n\n<h3 class=\"wp-block-heading\"><strong><a href=\"https:\/\/wine-tours-slovenia.com\/\" target=\"_blank\" rel=\"noreferrer noopener\">WIJNREIZEN SLOVENI\u00cb<\/a><\/strong><\/h3>\n\n\n\n<p>Wijntours zijn perfect voor zowel beginnende als ervaren wijnproevers. Je hebt geen voorkennis nodig. Het enige wat nodig is, is de wens om te ontspannen, wijn te drinken en nog meer te ontspannen.<\/p>\n\n\n\n<p>Er is geen betere manier om de rijke Sloveense wijnbouwtraditie uit de eerste hand te ervaren, te socialiseren met andere reizigers en in \u00e9\u00e9n dag te proeven van wat de natuur te bieden heeft.<\/p>\n\n\n\n<h3 class=\"wp-block-heading\"><strong><a href=\"https:\/\/bearwatchingslovenia.com\/nl\/\" target=\"_blank\" rel=\"noreferrer noopener\">BEREN KIJKEN SLOVENI\u00cb<\/a><\/strong><\/h3>\n\n\n\n<p>Beleef de sensatie van het beren kijken in de ongerepte natuurlijke bossen van Sloveni\u00eb. Volg een wildlife-expert tot diep in het bos, waar u de inheemse bruine beer van Sloveni\u00eb ontmoet door de brede ramen van een veilige houten uitkijkpost - perfect voor het maken van prachtige foto's.<\/p>\n\n\n\n<h3 class=\"wp-block-heading\"><strong><a href=\"https:\/\/sloveniacyclingholidays.com\/\">SLOVENI\u00cb FIETSVAKANTIE<\/a><\/strong><\/h3>\n\n\n\n<p>Begeleide of zelf begeleide fietstochten door Sloveni\u00eb.<\/p>\n\n\n\n<h3 class=\"wp-block-heading\"><strong><a href=\"https:\/\/walking-holidays-slovenia.com\/\">WANDELVAKANTIES SLOVENI\u00cb<\/a><\/strong><\/h3>\n\n\n\n<p>Wandeltochten om de Sloveense natuur te ontdekken.<\/p>\n\n\n\n<h3 class=\"wp-block-heading\"><strong><a href=\"https:\/\/slovenia-fly-fishing.com\/\">SLOVENI\u00cb VLIEGVISSEN<\/a><\/strong><\/h3>\n\n\n\n<p>Vliegvissen met gids in de prachtige Sloveense wateren om de vis van uw leven te vangen.<\/p>\n\n\n\n<h3 class=\"wp-block-heading\"><strong><a href=\"https:\/\/huttohuthikingslovenia.com\/\">VAN HUT NAAR HUT WANDELEN SLOVENI\u00cb<\/a><\/strong><\/h3>\n\n\n\n<p>Wandel de mooiste paden in de Julische Alpen.<\/p>\n\n\n\n<h3 class=\"wp-block-heading\"><strong><a href=\"https:\/\/triglavtours.com\/\">TRIGLAV TOURS<\/a><\/strong><\/h3>\n\n\n\n<p>Rondleidingen op de meest iconische berg van Sloveni\u00eb.<\/p>\n\n\n\n<h3 class=\"wp-block-heading\"><strong><a href=\"https:\/\/slovenia-activities.com\/\">SLOVENI\u00cb ACTIVITEITEN<\/a><\/strong><\/h3>\n\n\n\n<p>Ervaar de beste dingen om te doen in Sloveni\u00eb.<\/p>\n\n\n\n<h3 class=\"wp-block-heading\"><strong><a href=\"https:\/\/weddinglakebled.com\/\">BRUILOFT MEER BLOEDE<\/a><\/strong><\/h3>\n\n\n\n<p>Zij ontwerpen &amp; plannen uw perfecte bestemming bruiloft in Sloveni\u00eb<\/p>\n\n\n\n<h3 class=\"wp-block-heading\"><strong><a href=\"https:\/\/foodtourbled.com\/\">FOOD TOUR BLED<\/a><\/strong><\/h3>\n\n\n\n<p>Betoverende voedselreis in Bled.<\/p>\n\n\n\n<h3 class=\"wp-block-heading\"><strong><a href=\"https:\/\/foodtourljubljana.com\/\">VOEDSELREIS LJUBLJANA<\/a><\/strong><\/h3>\n\n\n\n<p>Proef Sloveni\u00eb via lokale restaurants.<\/p>\n\n\n\n<h3 class=\"wp-block-heading\"><strong><a href=\"https:\/\/cookingclassljubljana.com\/\">KOOKLES LJUBLJANA<\/a><\/strong><\/h3>\n\n\n\n<p>Bereid een traditioneel Sloveens gerecht ge\u00efnspireerd op oma's recepten.<\/p>\n\n\n\n<h3 class=\"wp-block-heading\"><strong><a href=\"https:\/\/thebalkantours.com\/\">DE BALKAN TOUR<\/a><\/strong><\/h3>\n\n\n\n<p>Onvergetelijke vakanties in de Balkanlanden.<\/p>\n\n\n\n<h3 class=\"wp-block-heading\"><strong><a href=\"https:\/\/hvarstagdo.com\/\">HVAR STAG DO<\/a><\/strong><\/h3>\n\n\n\n<p>Beleef een episch vrijgezellenweekend op het beste feesteiland van Kroati\u00eb.<\/p>\n\n\n\n<h3 class=\"wp-block-heading\"><strong><a href=\"https:\/\/croatiatunafishing.com\/\">KROATI\u00cb TONIJNVISSERIJ<\/a><\/strong><\/h3>\n\n\n\n<p>Big game fishing charters om de tonijn van je leven te vangen.<\/p>\n\n\n\n<h3 class=\"wp-block-heading\"><strong><a href=\"https:\/\/sloveniaprivatetours.com\/\" target=\"_blank\" rel=\"noreferrer noopener\">SLOVENI\u00cb PRIV\u00c9 TOURS<\/a><\/strong><\/h3>\n\n\n\n<p>Sloveni\u00eb Private Tours zijn uw kans om ons land volledig stressvrij te ervaren, genietend van het gezelschap van een professionele lokale chauffeur en gids die u zal laten zien wat Sloveni\u00eb allemaal is.<\/p>\n\n\n\n<h3 class=\"wp-block-heading\"><strong><a href=\"https:\/\/shoreexcursionskoper.com\/\" target=\"_blank\" rel=\"noreferrer noopener\">EXCURSIES NAAR KOPER<\/a><\/strong><\/h3>\n\n\n\n<p>Beste begeleide excursies vanuit Koper in Sloveni\u00eb om zowel de topattracties als de verborgen schatten te ontdekken.<\/p>\n\n\n\n<h3 class=\"wp-block-heading\"><a href=\"https:\/\/sloveniawedding.com\/\" target=\"_blank\" rel=\"noreferrer noopener\"><strong>BRUILOFT IN SLOVENI\u00cb<\/strong><\/a><\/h3>\n\n\n\n<p>Een verscheidenheid aan fantastische trouwpakketten en prachtige locaties in heel Sloveni\u00eb.<\/p>\n\n\n\n<h3 class=\"wp-block-heading\"><a href=\"https:\/\/sloveniatours.com\/\" target=\"_blank\" rel=\"noreferrer noopener\"><strong>SLOVENI\u00cb REIZEN<\/strong><\/a><\/h3>\n\n\n\n<p>Meerdaagse rondreizen naar Sloveni\u00eb om zowel de topattracties als de verborgen pareltjes te ontdekken. Van de ontspannende tot de meer actieve vakantie, hun lokale gidsen begeleiden u op de reis door het beste van Sloveni\u00eb.<\/p>","protected":false},"excerpt":{"rendered":"<p>WIJNPROEVERIJ BLED Maak op de juiste manier kennis met Sloveense wijnen. Proef 7 van de beste Sloveense wijnen uit verschillende wijnregio's en leer wetenswaardigheden over wijn in een 100 jaar oude wijnkelder! WIJNPROEVERIJ LJUBLJANA Geniet van het proeven van 7 van de beste lokale wijnen uit verschillende wijnproducerende regio's van Sloveni\u00eb in het hart van onze hoofdstad, Ljubljana. ... <a href=\"https:\/\/bearwatchingslovenia.com\/nl\/partners\/\">Vervolg<\/a><\/p>","protected":false},"author":49,"featured_media":0,"parent":0,"menu_order":0,"comment_status":"closed","ping_status":"closed","template":"","meta":{"_acf_changed":false,"footnotes":""},"class_list":["post-81","page","type-page","status-publish","hentry"],"acf":{"page_subheading":""},"_links":{"self":[{"href":"https:\/\/bearwatchingslovenia.com\/nl\/wp-json\/wp\/v2\/pages\/81","targetHints":{"allow":["GET"]}}],"collection":[{"href":"https:\/\/bearwatchingslovenia.com\/nl\/wp-json\/wp\/v2\/pages"}],"about":[{"href":"https:\/\/bearwatchingslovenia.com\/nl\/wp-json\/wp\/v2\/types\/page"}],"author":[{"embeddable":true,"href":"https:\/\/bearwatchingslovenia.com\/nl\/wp-json\/wp\/v2\/users\/49"}],"replies":[{"embeddable":true,"href":"https:\/\/bearwatchingslovenia.com\/nl\/wp-json\/wp\/v2\/comments?post=81"}],"version-history":[{"count":3,"href":"https:\/\/bearwatchingslovenia.com\/nl\/wp-json\/wp\/v2\/pages\/81\/revisions"}],"predecessor-version":[{"id":175,"href":"https:\/\/bearwatchingslovenia.com\/nl\/wp-json\/wp\/v2\/pages\/81\/revisions\/175"}],"wp:attachment":[{"href":"https:\/\/bearwatchingslovenia.com\/nl\/wp-json\/wp\/v2\/media?parent=81"}],"curies":[{"name":"wp","href":"https:\/\/api.w.org\/{rel}","templated":true}]}}