{"id":96,"date":"2022-08-31T11:28:58","date_gmt":"2022-08-31T11:28:58","guid":{"rendered":"https:\/\/bearwatchingslovenia.com\/?page_id=96"},"modified":"2022-09-07T12:20:24","modified_gmt":"2022-09-07T12:20:24","slug":"equal-opportunities","status":"publish","type":"page","link":"https:\/\/bearwatchingslovenia.com\/it\/equal-opportunities\/","title":{"rendered":"Pari opportunit\u00e0"},"content":{"rendered":"<p>Nella nostra piccola azienda tutte le persone sono trattate in modo uguale o simile e non sono svantaggiate da pregiudizi o preconcetti. Impieghiamo persone di diversa provenienza, religione, sesso e orientamento sessuale. Ci\u00f2 significa che la persona migliore per un lavoro o una promozione \u00e8 quella che si guadagna quella posizione in base alle qualifiche, all'esperienza e alle conoscenze. La diversit\u00e0 del nostro ambiente di lavoro valorizza le differenze di ognuno.<\/p>","protected":false},"excerpt":{"rendered":"<p>Nella nostra piccola azienda tutte le persone sono trattate in modo uguale o simile e non sono svantaggiate da pregiudizi o preconcetti. Impieghiamo persone di diversa provenienza, religione, sesso e orientamento sessuale. Ci\u00f2 significa che la persona migliore per un lavoro o una promozione \u00e8 quella che si guadagna quella posizione in base alle qualifiche, all'esperienza e alle conoscenze. Il nostro ... <a href=\"https:\/\/bearwatchingslovenia.com\/it\/equal-opportunities\/\">Continua<\/a><\/p>","protected":false},"author":49,"featured_media":0,"parent":0,"menu_order":0,"comment_status":"closed","ping_status":"closed","template":"","meta":{"_acf_changed":false,"footnotes":""},"class_list":["post-96","page","type-page","status-publish","hentry"],"acf":{"page_subheading":""},"_links":{"self":[{"href":"https:\/\/bearwatchingslovenia.com\/it\/wp-json\/wp\/v2\/pages\/96","targetHints":{"allow":["GET"]}}],"collection":[{"href":"https:\/\/bearwatchingslovenia.com\/it\/wp-json\/wp\/v2\/pages"}],"about":[{"href":"https:\/\/bearwatchingslovenia.com\/it\/wp-json\/wp\/v2\/types\/page"}],"author":[{"embeddable":true,"href":"https:\/\/bearwatchingslovenia.com\/it\/wp-json\/wp\/v2\/users\/49"}],"replies":[{"embeddable":true,"href":"https:\/\/bearwatchingslovenia.com\/it\/wp-json\/wp\/v2\/comments?post=96"}],"version-history":[{"count":1,"href":"https:\/\/bearwatchingslovenia.com\/it\/wp-json\/wp\/v2\/pages\/96\/revisions"}],"predecessor-version":[{"id":208,"href":"https:\/\/bearwatchingslovenia.com\/it\/wp-json\/wp\/v2\/pages\/96\/revisions\/208"}],"wp:attachment":[{"href":"https:\/\/bearwatchingslovenia.com\/it\/wp-json\/wp\/v2\/media?parent=96"}],"curies":[{"name":"wp","href":"https:\/\/api.w.org\/{rel}","templated":true}]}}