{"id":81,"date":"2022-08-31T11:25:30","date_gmt":"2022-08-31T11:25:30","guid":{"rendered":"https:\/\/bearwatchingslovenia.com\/?page_id=81"},"modified":"2022-09-05T13:08:48","modified_gmt":"2022-09-05T13:08:48","slug":"partners","status":"publish","type":"page","link":"https:\/\/bearwatchingslovenia.com\/it\/partners\/","title":{"rendered":"Partner"},"content":{"rendered":"<h3 class=\"wp-block-heading\"><a href=\"https:\/\/winetastingbled.com\/\" target=\"_blank\" rel=\"noreferrer noopener\">DEGUSTAZIONE DI VINI BLED<\/a><\/h3>\n\n\n\n<p>Scoprite i vini sloveni nel modo giusto. Assaggiate i 7 migliori vini sloveni provenienti da diverse regioni vinicole e imparate le informazioni pi\u00f9 importanti sul vino in una cantina antica di 100 anni!<\/p>\n\n\n\n<h3 class=\"wp-block-heading\"><a href=\"https:\/\/winetastingljubljana.com\/\" target=\"_blank\" rel=\"noreferrer noopener\">DEGUSTAZIONE DI VINI A LUBIANA<\/a><\/h3>\n\n\n\n<p>Degustate 7 dei migliori vini locali provenienti da diverse regioni vinicole della Slovenia nel cuore della nostra capitale, Lubiana.<\/p>\n\n\n\n<h3 class=\"wp-block-heading\"><a href=\"https:\/\/slocally.com\/\" target=\"_blank\" rel=\"noreferrer noopener\">SLOCALMENTE<\/a><\/h3>\n\n\n\n<p>Soggiornate all'Herbal Rooms Homestay e scoprite la valle dell'Isonzo e le regioni limitrofe. Questo luogo \u00e8 incastonato tra le Alpi Giulie e il Mar Mediterraneo, attraverso esperienze locali.<\/p>\n\n\n\n<h3 class=\"wp-block-heading\"><a href=\"https:\/\/freedamtours.com\/\" target=\"_blank\" rel=\"noreferrer noopener\">VISITE LIBERE<\/a><\/h3>\n\n\n\n<p>L'unico tour a piedi gratuito di Amsterdam che offre la qualit\u00e0 di un piccolo tour boutique di alto livello.<\/p>\n\n\n\n<h3 class=\"wp-block-heading\"><a href=\"https:\/\/motomaniac.com.my\/\" target=\"_blank\" rel=\"noreferrer noopener\">MOTOMANIAC ADVENTURE CO.<\/a><\/h3>\n\n\n\n<p>Escursioni impareggiabili in moto da cross attraverso i migliori percorsi fuoristrada della Malesia.  Se provate questa emozionante ricerca, scoprirete parti del Paese che non sapevate esistessero.<\/p>\n\n\n\n<p><strong><a rel=\"noreferrer noopener\" href=\"https:\/\/biketourljubljana.com\/\" target=\"_blank\"><br>TOUR IN BICICLETTA A LUBIANA<\/a><\/strong><\/p>\n\n\n\n<p>Un modo rilassato, vivace e divertente per scoprire le scene e il ricco patrimonio culturale di Lubiana. Oltre alle bellezze turistiche, condivideremo anche le intriganti storie del passato e gli avvenimenti pi\u00f9 attuali della citt\u00e0.<\/p>\n\n\n\n<h3 class=\"wp-block-heading\"><strong><a href=\"http:\/\/day-trips-slovenia.com\/\" target=\"_blank\" rel=\"noreferrer noopener\">GITE DI UN GIORNO IN SLOVENIA<\/a><\/strong><\/h3>\n\n\n\n<p>Gite di un piccolo gruppo e tour privati da Lubiana, Bled, Capodistria, Zagabria e Venezia per visitare i luoghi pi\u00f9 belli della Slovenia in combinazione con gite di un giorno nelle vicine Croazia e Italia.<\/p>\n\n\n\n<h3 class=\"wp-block-heading\"><strong><a href=\"http:\/\/fishing-guides-slovenia.com\/\" target=\"_blank\" rel=\"noreferrer noopener\">GUIDE DI PESCA SLOVENE<\/a><\/strong><\/h3>\n\n\n\n<p>Esperienze di pesca indimenticabili (viaggi e vacanze, noleggio dell'attrezzatura) con i pescatori locali in splendidi punti nascosti della Slovenia.<\/p>\n\n\n\n<h3 class=\"wp-block-heading\"><strong><a href=\"https:\/\/slovenia-holidays.com\/\" target=\"_blank\" rel=\"noreferrer noopener\">VACANZE IN SLOVENIA<\/a><\/strong><\/h3>\n\n\n\n<p>La pi\u00f9 ampia variet\u00e0 di vacanze in Slovenia. Dai pacchetti attivi e avventurosi ai viaggi organizzati con attivit\u00e0 all'aria aperta, dalle vacanze in famiglia alle pause rilassanti in citt\u00e0, fino alle vacanze di lusso e su misura. Qualunque sia la vostra preferenza, Slovenia Holidays vi copre con i migliori tour guidati e autoguidati.<\/p>\n\n\n\n<h3 class=\"wp-block-heading\"><strong><a href=\"https:\/\/wine-tours-slovenia.com\/\" target=\"_blank\" rel=\"noreferrer noopener\">TOUR DEL VINO IN SLOVENIA<\/a><\/strong><\/h3>\n\n\n\n<p>I tour del vino sono perfetti sia per i degustatori alle prime armi che per quelli esperti. Non \u00e8 necessaria alcuna conoscenza preliminare. L'unica cosa richiesta \u00e8 il desiderio di rilassarsi, bere vino e rilassarsi ancora.<\/p>\n\n\n\n<p>Non c'\u00e8 modo migliore di vivere in prima persona la ricca tradizione vitivinicola slovena, di socializzare con altri viaggiatori e di assaggiare le meraviglie della natura in un solo giorno.<\/p>\n\n\n\n<h3 class=\"wp-block-heading\"><strong><a href=\"https:\/\/bearwatchingslovenia.com\/it\/\" target=\"_blank\" rel=\"noreferrer noopener\">OSSERVAZIONE DEGLI ORSI IN SLOVENIA<\/a><\/strong><\/h3>\n\n\n\n<p>Provate l'emozione di osservare gli orsi nelle foreste naturali incontaminate della Slovenia. Seguite un esperto di fauna selvatica nelle profondit\u00e0 della foresta, dove incontrerete l'orso bruno nativo della Slovenia attraverso le ampie finestre di un belvedere in legno sicuro, perfetto per scattare foto straordinarie.<\/p>\n\n\n\n<h3 class=\"wp-block-heading\"><strong><a href=\"https:\/\/sloveniacyclingholidays.com\/\">VACANZE IN BICICLETTA IN SLOVENIA<\/a><\/strong><\/h3>\n\n\n\n<p>Tour in bicicletta guidati o autogestiti in tutta la Slovenia.<\/p>\n\n\n\n<h3 class=\"wp-block-heading\"><strong><a href=\"https:\/\/walking-holidays-slovenia.com\/\">VACANZE A PIEDI IN SLOVENIA<\/a><\/strong><\/h3>\n\n\n\n<p>Escursioni alla scoperta della natura slovena.<\/p>\n\n\n\n<h3 class=\"wp-block-heading\"><strong><a href=\"https:\/\/slovenia-fly-fishing.com\/\">PESCA A MOSCA IN SLOVENIA<\/a><\/strong><\/h3>\n\n\n\n<p>Pesca a mosca guidata nelle splendide acque della Slovenia per catturare il pesce della vostra vita.<\/p>\n\n\n\n<h3 class=\"wp-block-heading\"><strong><a href=\"https:\/\/huttohuthikingslovenia.com\/\">ESCURSIONI DA RIFUGIO A RIFUGIO IN SLOVENIA<\/a><\/strong><\/h3>\n\n\n\n<p>Escursione sui sentieri pi\u00f9 belli delle Alpi Giulie.<\/p>\n\n\n\n<h3 class=\"wp-block-heading\"><strong><a href=\"https:\/\/triglavtours.com\/\">TOUR TRIGLAV<\/a><\/strong><\/h3>\n\n\n\n<p>Visite guidate sulla montagna pi\u00f9 iconica della Slovenia.<\/p>\n\n\n\n<h3 class=\"wp-block-heading\"><strong><a href=\"https:\/\/slovenia-activities.com\/\">ATTIVIT\u00c0 IN SLOVENIA<\/a><\/strong><\/h3>\n\n\n\n<p>Scoprite le migliori cose da fare in Slovenia.<\/p>\n\n\n\n<h3 class=\"wp-block-heading\"><strong><a href=\"https:\/\/weddinglakebled.com\/\">MATRIMONIO LAGO DI BLED<\/a><\/strong><\/h3>\n\n\n\n<p>Progettano e pianificano il vostro matrimonio di destinazione perfetto in Slovenia<\/p>\n\n\n\n<h3 class=\"wp-block-heading\"><strong><a href=\"https:\/\/foodtourbled.com\/\">TOUR ALIMENTARE BLED<\/a><\/strong><\/h3>\n\n\n\n<p>Incantevole viaggio gastronomico a Bled.<\/p>\n\n\n\n<h3 class=\"wp-block-heading\"><strong><a href=\"https:\/\/foodtourljubljana.com\/\">TOUR GASTRONOMICO A LUBIANA<\/a><\/strong><\/h3>\n\n\n\n<p>Assaggio della Slovenia attraverso i ristoranti locali.<\/p>\n\n\n\n<h3 class=\"wp-block-heading\"><strong><a href=\"https:\/\/cookingclassljubljana.com\/\">CORSO DI CUCINA A LUBIANA<\/a><\/strong><\/h3>\n\n\n\n<p>Preparate un piatto tradizionale sloveno ispirato alle ricette della nonna.<\/p>\n\n\n\n<h3 class=\"wp-block-heading\"><strong><a href=\"https:\/\/thebalkantours.com\/\">IL TOUR DEI BALCANI<\/a><\/strong><\/h3>\n\n\n\n<p>Vacanze indimenticabili nei Paesi balcanici.<\/p>\n\n\n\n<h3 class=\"wp-block-heading\"><strong><a href=\"https:\/\/hvarstagdo.com\/\">HVAR STAG DO<\/a><\/strong><\/h3>\n\n\n\n<p>Trascorrete un weekend di addio al celibato epico sull'isola pi\u00f9 festaiola della Croazia.<\/p>\n\n\n\n<h3 class=\"wp-block-heading\"><strong><a href=\"https:\/\/croatiatunafishing.com\/\">PESCA DEL TONNO IN CROAZIA<\/a><\/strong><\/h3>\n\n\n\n<p>Charter di pesca grossa per catturare il tonno della vostra vita.<\/p>\n\n\n\n<h3 class=\"wp-block-heading\"><strong><a href=\"https:\/\/sloveniaprivatetours.com\/\" target=\"_blank\" rel=\"noreferrer noopener\">TOUR PRIVATI IN SLOVENIA<\/a><\/strong><\/h3>\n\n\n\n<p>I tour privati della Slovenia sono l'occasione per vivere il nostro Paese senza stress, in compagnia di un autista e di una guida locali professionisti che vi mostreranno le caratteristiche della Slovenia.<\/p>\n\n\n\n<h3 class=\"wp-block-heading\"><strong><a href=\"https:\/\/shoreexcursionskoper.com\/\" target=\"_blank\" rel=\"noreferrer noopener\">ESCURSIONI A TERRA A CAPODISTRIA<\/a><\/strong><\/h3>\n\n\n\n<p>Le migliori escursioni guidate da Capodistria in Slovenia per scoprire le sue attrazioni principali e le sue gemme nascoste.<\/p>\n\n\n\n<h3 class=\"wp-block-heading\"><a href=\"https:\/\/sloveniawedding.com\/\" target=\"_blank\" rel=\"noreferrer noopener\"><strong>MATRIMONIO IN SLOVENIA<\/strong><\/a><\/h3>\n\n\n\n<p>Una variet\u00e0 di fantastici pacchetti matrimoniali e splendide location in tutta la Slovenia.<\/p>\n\n\n\n<h3 class=\"wp-block-heading\"><a href=\"https:\/\/sloveniatours.com\/\" target=\"_blank\" rel=\"noreferrer noopener\"><strong>TOUR SLOVENIA<\/strong><\/a><\/h3>\n\n\n\n<p>Tour guidati di pi\u00f9 giorni in Slovenia per scoprire le sue attrazioni principali e le sue gemme nascoste. Dalle vacanze tranquille a quelle pi\u00f9 attive, le loro guide locali vi accompagneranno nel viaggio attraverso il meglio della Slovenia.<\/p>","protected":false},"excerpt":{"rendered":"<p>DEGUSTAZIONE DEI VINI Fatevi conoscere i vini sloveni nel modo giusto. Assaggiate i 7 migliori vini sloveni provenienti da diverse regioni vinicole e imparate le informazioni pi\u00f9 importanti sul vino in una cantina antica di 100 anni! DEGUSTAZIONE DI VINO LJUBLJANA Godetevi la degustazione di 7 dei migliori vini locali provenienti da diverse regioni vinicole della Slovenia nel cuore della nostra capitale, Lubiana. ... <a href=\"https:\/\/bearwatchingslovenia.com\/it\/partners\/\">Continua<\/a><\/p>","protected":false},"author":49,"featured_media":0,"parent":0,"menu_order":0,"comment_status":"closed","ping_status":"closed","template":"","meta":{"_acf_changed":false,"footnotes":""},"class_list":["post-81","page","type-page","status-publish","hentry"],"acf":{"page_subheading":""},"_links":{"self":[{"href":"https:\/\/bearwatchingslovenia.com\/it\/wp-json\/wp\/v2\/pages\/81","targetHints":{"allow":["GET"]}}],"collection":[{"href":"https:\/\/bearwatchingslovenia.com\/it\/wp-json\/wp\/v2\/pages"}],"about":[{"href":"https:\/\/bearwatchingslovenia.com\/it\/wp-json\/wp\/v2\/types\/page"}],"author":[{"embeddable":true,"href":"https:\/\/bearwatchingslovenia.com\/it\/wp-json\/wp\/v2\/users\/49"}],"replies":[{"embeddable":true,"href":"https:\/\/bearwatchingslovenia.com\/it\/wp-json\/wp\/v2\/comments?post=81"}],"version-history":[{"count":3,"href":"https:\/\/bearwatchingslovenia.com\/it\/wp-json\/wp\/v2\/pages\/81\/revisions"}],"predecessor-version":[{"id":175,"href":"https:\/\/bearwatchingslovenia.com\/it\/wp-json\/wp\/v2\/pages\/81\/revisions\/175"}],"wp:attachment":[{"href":"https:\/\/bearwatchingslovenia.com\/it\/wp-json\/wp\/v2\/media?parent=81"}],"curies":[{"name":"wp","href":"https:\/\/api.w.org\/{rel}","templated":true}]}}