{"id":140,"date":"2022-09-01T13:14:59","date_gmt":"2022-09-01T13:14:59","guid":{"rendered":"https:\/\/bearwatchingslovenia.com\/?page_id=140"},"modified":"2025-08-07T11:34:15","modified_gmt":"2025-08-07T11:34:15","slug":"observation-instructions","status":"publish","type":"page","link":"https:\/\/bearwatchingslovenia.com\/it\/observation-instructions\/","title":{"rendered":"Istruzioni per l'osservazione"},"content":{"rendered":"<p><strong>INFORMAZIONI<\/strong><\/p>\n\n\n\n<p>per i partecipanti ai tour di osservazione dell'orso bruno in un ambiente naturale.<\/p>\n\n\n\n<p>Si prega di notare che ci sono due sedi. Quella delle 18:00 si svolge a Grahovo.<\/p>\n\n\n\n<p><strong>Lo\u0161ka dolina<\/strong><\/p>\n\n\n\n<p><strong>L'osservazione dell'orso bruno \u00e8 sempre un'esperienza speciale e salutare. Per renderla piacevole e di successo, con il presente documento&nbsp;<\/strong><strong>riassumere<\/strong><strong>&nbsp;le informazioni e le raccomandazioni pi\u00f9 importanti.<\/strong><\/p>\n\n\n\n<ul class=\"wp-block-list\">\n<li><strong>GRUPPI<\/strong><\/li>\n<\/ul>\n\n\n\n<p>Un gruppo di quattro adulti pu\u00f2 entrare in un nascondiglio di caccia; sono disponibili diversi nascondigli di caccia. Una guida esperta rimarr\u00e0 con il gruppo per tutta la durata della sessione.<\/p>\n\n\n\n<p>La comunicazione di base avviene per lo pi\u00f9 in inglese; per spiegazioni pi\u00f9 lunghe e complesse ci si pu\u00f2 rivolgere al personale del punto di incontro.<\/p>\n\n\n\n<ul class=\"wp-block-list\">\n<li><strong>ATTREZZATURE<\/strong><\/li>\n<\/ul>\n\n\n\n<p>L'abbigliamento e le calzature devono corrispondere alla stagione e al clima. Si consiglia di indossare scarponcini leggeri o scarpe sportive in caso di tempo asciutto. Nella foresta a circa 700 metri sul livello del mare le temperature serali possono essere pi\u00f9 fredde che a valle. Per questo motivo, in primavera e in autunno sar\u00e0 sicuramente utile indossare abiti caldi. In estate si consiglia di portare con s\u00e9 almeno un capo di abbigliamento a maniche lunghe.<\/p>\n\n\n\n<p>L'apparecchiatura non deve essere rumorosa, schioccante o scoppiettante.<\/p>\n\n\n\n<p>\u00c8 vietato utilizzare accessori profumati o repellenti per insetti.<\/p>\n\n\n\n<ul class=\"wp-block-list\">\n<li><strong>LIVELLO DI DIFFICOLT\u00c0 FISICA<\/strong><\/li>\n<\/ul>\n\n\n\n<p>I partecipanti a un tour di osservazione dell'orso bruno devono essere in grado di camminare nella foresta per circa 10 minuti, salire su una scala di 3 metri e sedersi con calma e tranquillit\u00e0 in un nascondiglio da caccia per circa due ore.<\/p>\n\n\n\n<p>Se avete problemi di salute che potrebbero influenzare in qualche modo il tour di osservazione, siete pregati di informare l'organizzatore della vostra condizione, in modo da trovare una soluzione adeguata.<\/p>\n\n\n\n<ul class=\"wp-block-list\">\n<li><strong>COME COMPORTARSI IN UN RIFUGIO DI CACCIA<\/strong><\/li>\n<\/ul>\n\n\n\n<p><strong>\u00c8 necessario rimanere perfettamente calmi e tranquilli.<\/strong><\/p>\n\n\n\n<p>Il partecipante non pu\u00f2 lasciare un nascondiglio di caccia durante la sessione. Se si desidera completare il tour di osservazione dell'orso bruno prima del previsto, si prega di informare la guida. Informate la guida anche se avete problemi di qualsiasi tipo nel nascondiglio.<\/p>\n\n\n\n<p>Nella tana di caccia non \u00e8 consentito portare cibo. Si consiglia di portare con s\u00e9 solo una bottiglietta d'acqua.<\/p>\n\n\n\n<p>I telefoni cellulari devono essere spenti dal momento in cui si entra nella foresta fino alla fine del tour di osservazione dell'orso bruno.<\/p>\n\n\n\n<ul class=\"wp-block-list\">\n<li><strong>FOTO<\/strong><\/li>\n<\/ul>\n\n\n\n<p>All'inizio del tour di osservazione dell'orso bruno non \u00e8 consentito scattare foto. La guida indicher\u00e0 il momento migliore per scattare foto. Non \u00e8 consentito l'uso del flash durante l'utilizzo della macchina fotografica.<\/p>\n\n\n\n<ul class=\"wp-block-list\">\n<li><strong>LA PROBABILIT\u00c0 DI VEDERE L'ORSO<\/strong><\/li>\n<\/ul>\n\n\n\n<p>La probabilit\u00e0 di vedere un orso bruno \u00e8 molto alta. Bisogna per\u00f2 tenere presente che l'orso bruno \u00e8 un animale selvatico e il suo movimento o la sua presenza sotto la tana di caccia non possono mai essere previsti con assoluta certezza.<\/p>\n\n\n\n<ul class=\"wp-block-list\">\n<li><strong>CONSIGLIAMO AI BAMBINI DI ET\u00c0 INFERIORE AI 10 ANNI DI NON PARTECIPARE AL TOUR<\/strong><\/li>\n<\/ul>\n\n\n\n<p>Anche il minimo rumore nel rifugio di caccia pu\u00f2 impedire all'orso di avvicinarsi. Secondo la nostra esperienza, i bambini piccoli non sono in grado di stare fermi e in silenzio per due ore.<\/p>\n\n\n\n<p>Vi consigliamo di conoscere l'habitat della fauna selvatica con bambini di et\u00e0 inferiore ai 10 anni, in base alle loro esigenze e capacit\u00e0. In particolare, vi consigliamo di seguire un percorso naturalistico (<em>Tracciare le impronte degli animali)<\/em>&nbsp;e passeggiate guidate nella natura.<\/p>\n\n\n\n<p><strong>ORA E LUOGO DI OSSERVAZIONE DELL'ORSO BRUNO<\/strong> <\/p>\n\n\n\n<ol class=\"wp-block-list\">\n<li>Punto di incontro:<\/li>\n<\/ol>\n\n\n\n<p><strong>Centro informazioni turistiche Lo\u017e<\/strong><\/p>\n\n\n\n<p><strong>Cesta Notranjskega odreda 24<\/strong><\/p>\n\n\n\n<p><strong>SI-1386 Stari trg pri Lo\u017eu<\/strong><\/p>\n\n\n\n<p>T: +386 (0)81 602 853<\/p>\n\n\n\n<p><strong>Si prega di essere sul posto al pi\u00f9 tardi entro:&nbsp;<\/strong><\/p>\n\n\n\n<p><strong>Maggio: 4:45<\/strong> <strong>PM<\/strong><\/p>\n\n\n\n<p><strong>Giugno e luglio e fino al 15 agosto: 5:15<\/strong> <strong>PM<\/strong><\/p>\n\n\n\n<p><strong>Dal 15 al 31 agosto: 16:45<\/strong><\/p>\n\n\n\n<p><strong>Settembre: 4:30<\/strong> <strong>PM<\/strong><\/p>\n\n\n\n<p>In caso di difficolt\u00e0 che vi impediscano di arrivare in orario o che vi impediscano di venire del tutto, informate urgentemente il personale al numero di telefono +386(0)81 602 853.<\/p>\n\n\n\n<p>I nascondigli distano circa 15 minuti di auto dal punto di incontro.<\/p>\n\n\n\n<p>Per raggiungere il nascondiglio di caccia in cima all'albero, \u00e8 necessaria una facile passeggiata di 10 minuti attraverso la foresta.<\/p>\n\n\n\n<p><strong>Quando si entra nella foresta, si deve essere ben consapevoli che essa \u00e8 principalmente l'habitat di numerose specie animali. \u00c8 necessario comportarsi in modo da non disturbare o agitare gli animali.&nbsp;<\/strong><\/p>\n\n\n\n<p>    2. Punto di incontro: <\/p>\n\n\n\n<p><strong>Bar Baza<\/strong><\/p>\n\n\n\n<p><strong>Grahovo 6<\/strong><\/p>\n\n\n\n<p><strong>SI-1384 Grahovo<\/strong><\/p>\n\n\n\n<p>T: +386 (0)31 857 627<\/p>\n\n\n\n<p><strong>Orario di inizio: 18:00<\/strong><\/p>\n\n\n\n<p><\/p>","protected":false},"excerpt":{"rendered":"<p>INFORMATION for the participants attending brown bear watching tours in a natural environment. Please note there are 2 locations. The one at 6 pm takes place in Grahovo. Lo\u0161ka dolina Brown bear observation is always a special, wholesome experience. In order to make it pleasant and successful as well, we hereby&nbsp;summarise&nbsp;the most important information and &hellip; <a href=\"https:\/\/bearwatchingslovenia.com\/it\/observation-instructions\/\">Continua<\/a><\/p>","protected":false},"author":49,"featured_media":66,"parent":0,"menu_order":0,"comment_status":"closed","ping_status":"closed","template":"","meta":{"_acf_changed":false,"footnotes":""},"class_list":["post-140","page","type-page","status-publish","has-post-thumbnail","hentry"],"acf":{"page_subheading":""},"_links":{"self":[{"href":"https:\/\/bearwatchingslovenia.com\/it\/wp-json\/wp\/v2\/pages\/140","targetHints":{"allow":["GET"]}}],"collection":[{"href":"https:\/\/bearwatchingslovenia.com\/it\/wp-json\/wp\/v2\/pages"}],"about":[{"href":"https:\/\/bearwatchingslovenia.com\/it\/wp-json\/wp\/v2\/types\/page"}],"author":[{"embeddable":true,"href":"https:\/\/bearwatchingslovenia.com\/it\/wp-json\/wp\/v2\/users\/49"}],"replies":[{"embeddable":true,"href":"https:\/\/bearwatchingslovenia.com\/it\/wp-json\/wp\/v2\/comments?post=140"}],"version-history":[{"count":14,"href":"https:\/\/bearwatchingslovenia.com\/it\/wp-json\/wp\/v2\/pages\/140\/revisions"}],"predecessor-version":[{"id":770,"href":"https:\/\/bearwatchingslovenia.com\/it\/wp-json\/wp\/v2\/pages\/140\/revisions\/770"}],"wp:featuredmedia":[{"embeddable":true,"href":"https:\/\/bearwatchingslovenia.com\/it\/wp-json\/wp\/v2\/media\/66"}],"wp:attachment":[{"href":"https:\/\/bearwatchingslovenia.com\/it\/wp-json\/wp\/v2\/media?parent=140"}],"curies":[{"name":"wp","href":"https:\/\/api.w.org\/{rel}","templated":true}]}}