{"id":81,"date":"2022-08-31T11:25:30","date_gmt":"2022-08-31T11:25:30","guid":{"rendered":"https:\/\/bearwatchingslovenia.com\/?page_id=81"},"modified":"2022-09-05T13:08:48","modified_gmt":"2022-09-05T13:08:48","slug":"partners","status":"publish","type":"page","link":"https:\/\/bearwatchingslovenia.com\/fr\/partners\/","title":{"rendered":"Partenaires"},"content":{"rendered":"<h3 class=\"wp-block-heading\"><a href=\"https:\/\/winetastingbled.com\/\" target=\"_blank\" rel=\"noreferrer noopener\">D\u00c9GUSTATION DE VINS \u00c0 BLED<\/a><\/h3>\n\n\n\n<p>Initiez-vous aux vins slov\u00e8nes de la bonne mani\u00e8re. D\u00e9gustez 7 des meilleurs vins slov\u00e8nes provenant de diff\u00e9rentes r\u00e9gions viticoles et apprenez les faits essentiels sur le vin dans une cave \u00e0 vin vieille de 100 ans !<\/p>\n\n\n\n<h3 class=\"wp-block-heading\"><a href=\"https:\/\/winetastingljubljana.com\/\" target=\"_blank\" rel=\"noreferrer noopener\">D\u00c9GUSTATION DE VINS \u00c0 LJUBLJANA<\/a><\/h3>\n\n\n\n<p>Profitez de la d\u00e9gustation de 7 des meilleurs vins locaux provenant de diff\u00e9rentes r\u00e9gions viticoles de Slov\u00e9nie au c\u0153ur de notre capitale, Ljubljana.<\/p>\n\n\n\n<h3 class=\"wp-block-heading\"><a href=\"https:\/\/slocally.com\/\" target=\"_blank\" rel=\"noreferrer noopener\">SLOCALLY<\/a><\/h3>\n\n\n\n<p>S\u00e9journez au Herbal Rooms Homestay et d\u00e9couvrez la vall\u00e9e de So\u010da et les r\u00e9gions voisines. Cet endroit est nich\u00e9 entre les Alpes juliennes et la mer M\u00e9diterran\u00e9e, \u00e0 travers des exp\u00e9riences locales.<\/p>\n\n\n\n<h3 class=\"wp-block-heading\"><a href=\"https:\/\/freedamtours.com\/\" target=\"_blank\" rel=\"noreferrer noopener\">FREEDAM TOURS<\/a><\/h3>\n\n\n\n<p>La seule visite \u00e0 pied gratuite d'Amsterdam offrant la qualit\u00e9 d'une petite visite boutique haut de gamme.<\/p>\n\n\n\n<h3 class=\"wp-block-heading\"><a href=\"https:\/\/motomaniac.com.my\/\" target=\"_blank\" rel=\"noreferrer noopener\">MOTOMANIAC ADVENTURE CO.<\/a><\/h3>\n\n\n\n<p>Des excursions sans pareil sur des motos tout-terrain \u00e0 travers les meilleurs sentiers hors-piste de Malaisie.  Si vous tentez cette qu\u00eate palpitante, vous d\u00e9couvrirez des parties du pays dont vous ne soup\u00e7onniez pas l'existence.<\/p>\n\n\n\n<p><strong><a rel=\"noreferrer noopener\" href=\"https:\/\/biketourljubljana.com\/\" target=\"_blank\"><br>VISITE \u00c0 V\u00c9LO DE LJUBLJANA<\/a><\/strong><\/p>\n\n\n\n<p>Une fa\u00e7on d\u00e9tendue, vivante et amusante de d\u00e9couvrir les sc\u00e8nes et le riche patrimoine culturel de Ljubljana. En plus des belles vues, nous partagerons \u00e9galement des histoires intrigantes du pass\u00e9, ainsi que l'actualit\u00e9 de la ville.<\/p>\n\n\n\n<h3 class=\"wp-block-heading\"><strong><a href=\"http:\/\/day-trips-slovenia.com\/\" target=\"_blank\" rel=\"noreferrer noopener\">EXCURSIONS D'UNE JOURN\u00c9E EN SLOV\u00c9NIE<\/a><\/strong><\/h3>\n\n\n\n<p>Des excursions d'une journ\u00e9e en petit groupe et des visites priv\u00e9es au d\u00e9part de Ljubljana, Bled, Koper, Zagreb et Venise pour d\u00e9couvrir les meilleurs endroits de Slov\u00e9nie en combinaison avec des excursions d'une journ\u00e9e dans les pays voisins, la Croatie et l'Italie.<\/p>\n\n\n\n<h3 class=\"wp-block-heading\"><strong><a href=\"http:\/\/fishing-guides-slovenia.com\/\" target=\"_blank\" rel=\"noreferrer noopener\">GUIDES DE P\u00caCHE SLOV\u00c8NES<\/a><\/strong><\/h3>\n\n\n\n<p>Une exp\u00e9rience de p\u00eache inoubliable (voyage et vacances, location de mat\u00e9riel) avec des p\u00eacheurs locaux dans de magnifiques endroits cach\u00e9s en Slov\u00e9nie.<\/p>\n\n\n\n<h3 class=\"wp-block-heading\"><strong><a href=\"https:\/\/slovenia-holidays.com\/\" target=\"_blank\" rel=\"noreferrer noopener\">VACANCES EN SLOV\u00c9NIE<\/a><\/strong><\/h3>\n\n\n\n<p>La plus grande vari\u00e9t\u00e9 de vacances en Slov\u00e9nie. Des forfaits actifs et aventureux aux voyages organis\u00e9s avec activit\u00e9s de plein air, des vacances en famille et des city breaks d\u00e9contract\u00e9s aux vacances de luxe et sur mesure. Quelles que soient vos pr\u00e9f\u00e9rences, Slovenia Holidays vous propose les meilleures visites guid\u00e9es et autoguid\u00e9es.<\/p>\n\n\n\n<h3 class=\"wp-block-heading\"><strong><a href=\"https:\/\/wine-tours-slovenia.com\/\" target=\"_blank\" rel=\"noreferrer noopener\">VISITES DE VIGNOBLES EN SLOV\u00c9NIE<\/a><\/strong><\/h3>\n\n\n\n<p>Les visites guid\u00e9es du vignoble sont parfaites pour les d\u00e9gustateurs novices comme pour les experts. Vous n'avez besoin d'aucune connaissance pr\u00e9alable. La seule chose requise est l'envie de se d\u00e9tendre, de boire du vin et de se d\u00e9tendre encore.<\/p>\n\n\n\n<p>Il n'y a pas de meilleur moyen de d\u00e9couvrir la riche tradition vinicole de la Slov\u00e9nie, de rencontrer d'autres voyageurs et de go\u00fbter aux richesses de la nature en une seule journ\u00e9e.<\/p>\n\n\n\n<h3 class=\"wp-block-heading\"><strong><a href=\"https:\/\/bearwatchingslovenia.com\/fr\/\" target=\"_blank\" rel=\"noreferrer noopener\">OBSERVATION DES OURS EN SLOV\u00c9NIE<\/a><\/strong><\/h3>\n\n\n\n<p>Faites l'exp\u00e9rience de l'observation des ours dans les for\u00eats naturelles vierges de Slov\u00e9nie. Suivez un expert de la faune sauvage au plus profond de la for\u00eat, o\u00f9 vous rencontrerez l'ours brun indig\u00e8ne de la Slov\u00e9nie \u00e0 travers les larges fen\u00eatres d'un belv\u00e9d\u00e8re en bois s\u00fbr - parfait pour prendre des photos \u00e9tonnantes.<\/p>\n\n\n\n<h3 class=\"wp-block-heading\"><strong><a href=\"https:\/\/sloveniacyclingholidays.com\/\">VACANCES \u00c0 V\u00c9LO EN SLOV\u00c9NIE<\/a><\/strong><\/h3>\n\n\n\n<p>Circuits cyclistes guid\u00e9s ou autoguid\u00e9s \u00e0 travers la Slov\u00e9nie.<\/p>\n\n\n\n<h3 class=\"wp-block-heading\"><strong><a href=\"https:\/\/walking-holidays-slovenia.com\/\">VACANCES \u00c0 PIED EN SLOV\u00c9NIE<\/a><\/strong><\/h3>\n\n\n\n<p>Des randonn\u00e9es pour d\u00e9couvrir la nature slov\u00e8ne.<\/p>\n\n\n\n<h3 class=\"wp-block-heading\"><strong><a href=\"https:\/\/slovenia-fly-fishing.com\/\">P\u00caCHE \u00c0 LA MOUCHE EN SLOV\u00c9NIE<\/a><\/strong><\/h3>\n\n\n\n<p>P\u00eache \u00e0 la mouche guid\u00e9e dans les eaux magnifiques de Slov\u00e9nie pour attraper le poisson de votre vie.<\/p>\n\n\n\n<h3 class=\"wp-block-heading\"><strong><a href=\"https:\/\/huttohuthikingslovenia.com\/\">RANDONN\u00c9E DE CABANE \u00c0 CABANE SLOV\u00c9NIE<\/a><\/strong><\/h3>\n\n\n\n<p>Randonnez sur les meilleurs sentiers des Alpes juliennes.<\/p>\n\n\n\n<h3 class=\"wp-block-heading\"><strong><a href=\"https:\/\/triglavtours.com\/\">TRIGLAV TOURS<\/a><\/strong><\/h3>\n\n\n\n<p>Visites guid\u00e9es de la montagne la plus embl\u00e9matique de Slov\u00e9nie.<\/p>\n\n\n\n<h3 class=\"wp-block-heading\"><strong><a href=\"https:\/\/slovenia-activities.com\/\">ACTIVIT\u00c9S EN SLOV\u00c9NIE<\/a><\/strong><\/h3>\n\n\n\n<p>D\u00e9couvrez les meilleures choses \u00e0 faire en Slov\u00e9nie.<\/p>\n\n\n\n<h3 class=\"wp-block-heading\"><strong><a href=\"https:\/\/weddinglakebled.com\/\">MARIAGE LAC BLED<\/a><\/strong><\/h3>\n\n\n\n<p>Ils con\u00e7oivent et organisent votre mariage parfait en Slov\u00e9nie.<\/p>\n\n\n\n<h3 class=\"wp-block-heading\"><strong><a href=\"https:\/\/foodtourbled.com\/\">FOOD TOUR BLED<\/a><\/strong><\/h3>\n\n\n\n<p>Voyage gastronomique enchanteur \u00e0 Bled.<\/p>\n\n\n\n<h3 class=\"wp-block-heading\"><strong><a href=\"https:\/\/foodtourljubljana.com\/\">VISITE GUID\u00c9E DE LA GASTRONOMIE \u00c0 LJUBLJANA<\/a><\/strong><\/h3>\n\n\n\n<p>Go\u00fbtez \u00e0 la Slov\u00e9nie gr\u00e2ce aux restaurants locaux.<\/p>\n\n\n\n<h3 class=\"wp-block-heading\"><strong><a href=\"https:\/\/cookingclassljubljana.com\/\">COURS DE CUISINE LJUBLJANA<\/a><\/strong><\/h3>\n\n\n\n<p>Pr\u00e9parez un plat traditionnel slov\u00e8ne inspir\u00e9 des recettes de grand-m\u00e8re.<\/p>\n\n\n\n<h3 class=\"wp-block-heading\"><strong><a href=\"https:\/\/thebalkantours.com\/\">LE TOUR DES BALKANS<\/a><\/strong><\/h3>\n\n\n\n<p>Des vacances inoubliables dans les pays des Balkans.<\/p>\n\n\n\n<h3 class=\"wp-block-heading\"><strong><a href=\"https:\/\/hvarstagdo.com\/\">HVAR STAG DO<\/a><\/strong><\/h3>\n\n\n\n<p>Passez un week-end d'enterrement de vie de gar\u00e7on \u00e9pique sur l'\u00eele la plus festive de Croatie.<\/p>\n\n\n\n<h3 class=\"wp-block-heading\"><strong><a href=\"https:\/\/croatiatunafishing.com\/\">P\u00caCHE AU THON EN CROATIE<\/a><\/strong><\/h3>\n\n\n\n<p>Des charters de p\u00eache au gros pour attraper le thon de votre vie.<\/p>\n\n\n\n<h3 class=\"wp-block-heading\"><strong><a href=\"https:\/\/sloveniaprivatetours.com\/\" target=\"_blank\" rel=\"noreferrer noopener\">VISITES PRIV\u00c9ES EN SLOV\u00c9NIE<\/a><\/strong><\/h3>\n\n\n\n<p>Les circuits priv\u00e9s en Slov\u00e9nie vous permettent de d\u00e9couvrir notre pays sans aucun stress, en compagnie d'un chauffeur et d'un guide locaux professionnels qui vous feront d\u00e9couvrir la Slov\u00e9nie.<\/p>\n\n\n\n<h3 class=\"wp-block-heading\"><strong><a href=\"https:\/\/shoreexcursionskoper.com\/\" target=\"_blank\" rel=\"noreferrer noopener\">EXCURSIONS TERRESTRES \u00c0 KOPER<\/a><\/strong><\/h3>\n\n\n\n<p>Les meilleures excursions guid\u00e9es \u00e0 partir de Koper en Slov\u00e9nie pour d\u00e9couvrir ses principales attractions et ses joyaux cach\u00e9s.<\/p>\n\n\n\n<h3 class=\"wp-block-heading\"><a href=\"https:\/\/sloveniawedding.com\/\" target=\"_blank\" rel=\"noreferrer noopener\"><strong>MARIAGE EN SLOV\u00c9NIE<\/strong><\/a><\/h3>\n\n\n\n<p>Une vari\u00e9t\u00e9 de forfaits de mariage fantastiques et de lieux magnifiques dans toute la Slov\u00e9nie.<\/p>\n\n\n\n<h3 class=\"wp-block-heading\"><a href=\"https:\/\/sloveniatours.com\/\" target=\"_blank\" rel=\"noreferrer noopener\"><strong>TOURS EN SLOV\u00c9NIE<\/strong><\/a><\/h3>\n\n\n\n<p>Des visites guid\u00e9es de plusieurs jours en Slov\u00e9nie pour d\u00e9couvrir ses principales attractions et ses joyaux cach\u00e9s. Des vacances tranquilles aux vacances plus actives, leurs guides locaux vous accompagneront dans votre voyage \u00e0 travers le meilleur de la Slov\u00e9nie.<\/p>","protected":false},"excerpt":{"rendered":"<p>D\u00e9gustation de vin BLED D\u00e9couvrez les vins slov\u00e8nes de la bonne mani\u00e8re. D\u00e9gustez 7 des meilleurs vins slov\u00e8nes provenant de diff\u00e9rentes r\u00e9gions viticoles et apprenez les faits les plus importants sur le vin dans une cave \u00e0 vin vieille de 100 ans ! D\u00c9GUSTATION DE VIN LJUBLJANA D\u00e9gustez 7 des meilleurs vins locaux de diff\u00e9rentes r\u00e9gions viticoles de Slov\u00e9nie au c\u0153ur de notre capitale, Ljubljana. ... <a href=\"https:\/\/bearwatchingslovenia.com\/fr\/partners\/\">Suite<\/a><\/p>","protected":false},"author":49,"featured_media":0,"parent":0,"menu_order":0,"comment_status":"closed","ping_status":"closed","template":"","meta":{"_acf_changed":false,"footnotes":""},"class_list":["post-81","page","type-page","status-publish","hentry"],"acf":{"page_subheading":""},"_links":{"self":[{"href":"https:\/\/bearwatchingslovenia.com\/fr\/wp-json\/wp\/v2\/pages\/81","targetHints":{"allow":["GET"]}}],"collection":[{"href":"https:\/\/bearwatchingslovenia.com\/fr\/wp-json\/wp\/v2\/pages"}],"about":[{"href":"https:\/\/bearwatchingslovenia.com\/fr\/wp-json\/wp\/v2\/types\/page"}],"author":[{"embeddable":true,"href":"https:\/\/bearwatchingslovenia.com\/fr\/wp-json\/wp\/v2\/users\/49"}],"replies":[{"embeddable":true,"href":"https:\/\/bearwatchingslovenia.com\/fr\/wp-json\/wp\/v2\/comments?post=81"}],"version-history":[{"count":3,"href":"https:\/\/bearwatchingslovenia.com\/fr\/wp-json\/wp\/v2\/pages\/81\/revisions"}],"predecessor-version":[{"id":175,"href":"https:\/\/bearwatchingslovenia.com\/fr\/wp-json\/wp\/v2\/pages\/81\/revisions\/175"}],"wp:attachment":[{"href":"https:\/\/bearwatchingslovenia.com\/fr\/wp-json\/wp\/v2\/media?parent=81"}],"curies":[{"name":"wp","href":"https:\/\/api.w.org\/{rel}","templated":true}]}}