{"id":375,"date":"2023-02-13T09:20:16","date_gmt":"2023-02-13T09:20:16","guid":{"rendered":"https:\/\/bearwatchingslovenia.com\/?page_id=375"},"modified":"2023-02-13T10:37:20","modified_gmt":"2023-02-13T10:37:20","slug":"photo-hide-instructions","status":"publish","type":"page","link":"https:\/\/bearwatchingslovenia.com\/fr\/photo-hide-instructions\/","title":{"rendered":"Instructions pour cacher les photos"},"content":{"rendered":"<p>Nous voulons que vous profitiez pleinement de la visite, c'est pourquoi nous vous envoyons quelques informations avant le d\u00e9but de la visite.<\/p>\n\n\n\n<p>Point de rencontre : <a href=\"https:\/\/goo.gl\/maps\/LLehgZcMJuNZBgQV7\" target=\"_blank\" rel=\"noreferrer noopener\">Maison d'h\u00f4tes Mlakar - Markovec 15A<\/a>1386 Stari trg pri Lo\u017eu, Slov\u00e9nie \u00e0 13h00.<\/p>\n\n\n\n<p>Apr\u00e8s l'arriv\u00e9e, les guides vous fourniront toutes les informations d\u00e9taill\u00e9es sur le voyage de photographie d'ours et les r\u00e8gles de comportement \u00e0 l'aff\u00fbt des ours.<\/p>\n\n\n\n<p>Les d\u00e9parts pour les aff\u00fbts d'ours ont lieu tous les jours entre 14h00 et 15h00. Le guide vous informera de l'heure exacte du d\u00e9part. Les sites d'aff\u00fbt des ours sont \u00e9loign\u00e9s de 5 \u00e0 25 km de la maison d'h\u00f4tes et il faut compter entre 5 et 35 minutes pour les atteindre.<\/p>\n\n\n\n<p>\u00c9quipement n\u00e9cessaire :<\/p>\n\n\n\n<p>- Nous recommandons des objectifs \u00e0 partir de 70-200 mm jusqu'\u00e0 400 mm. La distance de prise de vue peut<br>varient entre 10 et 50 m\u00e8tres environ.<br>- Gimbal ou bean-bag (le tr\u00e9pied ou monopode ne peut pas \u00eatre utilis\u00e9 dans la peau de l'ours)<br>- Bottes de randonn\u00e9e<br>- V\u00eatements imperm\u00e9ables ou parapluie<\/p>\n\n\n\n<p>Veuillez noter :<\/p>\n\n\n\n<p>- Tous nos refuges sont situ\u00e9s dans la for\u00eat et exigent une capacit\u00e9 moyenne \u00e0 marcher en mont\u00e9e (100 \u00e0 500 m\u00e8tres).<br>700 m\u00e8tres). Si vous avez un handicap pour marcher, veuillez nous en informer 7 jours avant le d\u00e9part du circuit.<br>- Sur tous les chemins en for\u00eat, il y a un risque de pr\u00e9sence de tiques qui peuvent \u00eatre porteuses de maladies transmises par les tiques. Par cons\u00e9quent, nous vous conseillons de prendre des pr\u00e9cautions et d'utiliser un spray anti-tiques ou une cr\u00e8me anti-tiques.<br>la vaccination.<br>- En cas de temp\u00eate ou de chaleur, le voyage de l'ours peut \u00eatre retard\u00e9 ou annul\u00e9.<br>- En ce qui concerne Covid-19, vous suivrez le v\u00e9hicule du guide avec votre propre v\u00e9hicule jusqu'aux endroits o\u00f9 se trouvent les cachettes \u00e0 ours.<br>- Les routes sont adapt\u00e9es \u00e0 tous les v\u00e9hicules.<\/p>\n\n\n\n<p>Si vous avez des probl\u00e8mes pour atteindre la maison d'h\u00f4tes, veuillez appeler les guides :<br>Miha 0038641582081<br>ou<br>Lenart 0038631474090<\/p>","protected":false},"excerpt":{"rendered":"<p>Nous souhaitons que vous profitiez pleinement de la visite, c'est pourquoi nous vous envoyons quelques informations avant le d\u00e9but de la visite. Point de rencontre : Maison d'h\u00f4tes de Mlakar - Markovec 15A, 1386 Stari trg pri Lo\u017eu, Slov\u00e9nie \u00e0 13h00. Apr\u00e8s l'arriv\u00e9e, les guides vous fourniront toutes les informations d\u00e9taill\u00e9es sur l'excursion de photographie d'ours et les r\u00e8gles de comportement \u00e0 ... <a href=\"https:\/\/bearwatchingslovenia.com\/fr\/photo-hide-instructions\/\">Suite<\/a><\/p>","protected":false},"author":49,"featured_media":380,"parent":0,"menu_order":0,"comment_status":"closed","ping_status":"closed","template":"","meta":{"_acf_changed":false,"footnotes":""},"class_list":["post-375","page","type-page","status-publish","has-post-thumbnail","hentry"],"acf":{"page_subheading":""},"_links":{"self":[{"href":"https:\/\/bearwatchingslovenia.com\/fr\/wp-json\/wp\/v2\/pages\/375","targetHints":{"allow":["GET"]}}],"collection":[{"href":"https:\/\/bearwatchingslovenia.com\/fr\/wp-json\/wp\/v2\/pages"}],"about":[{"href":"https:\/\/bearwatchingslovenia.com\/fr\/wp-json\/wp\/v2\/types\/page"}],"author":[{"embeddable":true,"href":"https:\/\/bearwatchingslovenia.com\/fr\/wp-json\/wp\/v2\/users\/49"}],"replies":[{"embeddable":true,"href":"https:\/\/bearwatchingslovenia.com\/fr\/wp-json\/wp\/v2\/comments?post=375"}],"version-history":[{"count":6,"href":"https:\/\/bearwatchingslovenia.com\/fr\/wp-json\/wp\/v2\/pages\/375\/revisions"}],"predecessor-version":[{"id":395,"href":"https:\/\/bearwatchingslovenia.com\/fr\/wp-json\/wp\/v2\/pages\/375\/revisions\/395"}],"wp:featuredmedia":[{"embeddable":true,"href":"https:\/\/bearwatchingslovenia.com\/fr\/wp-json\/wp\/v2\/media\/380"}],"wp:attachment":[{"href":"https:\/\/bearwatchingslovenia.com\/fr\/wp-json\/wp\/v2\/media?parent=375"}],"curies":[{"name":"wp","href":"https:\/\/api.w.org\/{rel}","templated":true}]}}