{"id":140,"date":"2022-09-01T13:14:59","date_gmt":"2022-09-01T13:14:59","guid":{"rendered":"https:\/\/bearwatchingslovenia.com\/?page_id=140"},"modified":"2025-08-07T11:34:15","modified_gmt":"2025-08-07T11:34:15","slug":"observation-instructions","status":"publish","type":"page","link":"https:\/\/bearwatchingslovenia.com\/fr\/observation-instructions\/","title":{"rendered":"Instructions d'observation"},"content":{"rendered":"<p><strong>INFORMATIONS<\/strong><\/p>\n\n\n\n<p>pour les participants aux excursions d'observation des ours bruns dans un environnement naturel.<\/p>\n\n\n\n<p>Veuillez noter qu'il y a deux endroits. Celui de 18 heures a lieu \u00e0 Grahovo.<\/p>\n\n\n\n<p><strong>Lo\u0161ka dolina<\/strong><\/p>\n\n\n\n<p><strong>L'observation des ours bruns est toujours une exp\u00e9rience sp\u00e9ciale et saine. Afin de la rendre agr\u00e9able et r\u00e9ussie, nous vous proposons de&nbsp;<\/strong><strong>r\u00e9sumer<\/strong><strong>&nbsp;les informations et les recommandations les plus importantes.<\/strong><\/p>\n\n\n\n<ul class=\"wp-block-list\">\n<li><strong>GROUPES<\/strong><\/li>\n<\/ul>\n\n\n\n<p>Un groupe de quatre adultes peut aller dans une cachette de chasse ; plusieurs cachettes de chasse sont disponibles. Un guide exp\u00e9riment\u00e9 restera avec le groupe pendant toute la dur\u00e9e de la session.<\/p>\n\n\n\n<p>La communication de base se fait principalement en anglais ; pour des explications plus longues et plus complexes, on peut s'adresser au personnel du point de rencontre.<\/p>\n\n\n\n<ul class=\"wp-block-list\">\n<li><strong>\u00c9QUIPEMENT<\/strong><\/li>\n<\/ul>\n\n\n\n<p>Les v\u00eatements et les chaussures doivent correspondre \u00e0 une saison et \u00e0 un temps particuliers. Nous vous recommandons de porter des chaussures de marche l\u00e9g\u00e8res ou des chaussures de sport par temps sec. Dans la for\u00eat, \u00e0 environ 700 m\u00e8tres d'altitude, les temp\u00e9ratures peuvent \u00eatre plus froides le soir que dans la vall\u00e9e. C'est pourquoi des v\u00eatements chauds au printemps et en automne seront certainement utiles. En \u00e9t\u00e9, il est recommand\u00e9 d'emporter au moins un v\u00eatement \u00e0 manches longues.<\/p>\n\n\n\n<p>L'\u00e9quipement ne doit pas \u00eatre bruyant, bruyant ou cr\u00e9pitant.<\/p>\n\n\n\n<p>Il est interdit d'utiliser des accessoires parfum\u00e9s ou des insectifuges.<\/p>\n\n\n\n<ul class=\"wp-block-list\">\n<li><strong>LE NIVEAU DE DIFFICULT\u00c9 PHYSIQUE<\/strong><\/li>\n<\/ul>\n\n\n\n<p>Les participants \u00e0 une excursion d'observation de l'ours brun doivent \u00eatre capables de marcher dans la for\u00eat pendant environ 10 minutes, de monter une \u00e9chelle de 3 m et de s'asseoir calmement et en silence dans une cachette de chasse pendant environ deux heures.<\/p>\n\n\n\n<p>Si vous avez des probl\u00e8mes m\u00e9dicaux qui pourraient affecter le voyage d'observation de quelque mani\u00e8re que ce soit, veuillez en informer l'organisateur, afin qu'une solution ad\u00e9quate puisse \u00eatre trouv\u00e9e.<\/p>\n\n\n\n<ul class=\"wp-block-list\">\n<li><strong>COMMENT SE COMPORTER DANS UNE CACHETTE DE CHASSE<\/strong><\/li>\n<\/ul>\n\n\n\n<p><strong>Il est n\u00e9cessaire de rester parfaitement calme et tranquille.<\/strong><\/p>\n\n\n\n<p>Le participant ne peut pas laisser une peau de chasse pendant la session. Si vous souhaitez terminer votre excursion d'observation de l'ours brun plus t\u00f4t que pr\u00e9vu, veuillez en informer votre guide. Informez \u00e9galement votre guide si vous rencontrez un quelconque probl\u00e8me dans la cachette.<\/p>\n\n\n\n<p>Aucune nourriture n'est autoris\u00e9e dans la cachette de chasse. Nous vous recommandons de n'avoir qu'une petite bouteille d'eau avec vous.<\/p>\n\n\n\n<p>Les t\u00e9l\u00e9phones portables doivent \u00eatre \u00e9teints d\u00e8s l'entr\u00e9e dans la for\u00eat et jusqu'\u00e0 la fin de la visite d'observation de l'ours brun.<\/p>\n\n\n\n<ul class=\"wp-block-list\">\n<li><strong>PHOTOS<\/strong><\/li>\n<\/ul>\n\n\n\n<p>Au d\u00e9but d'une excursion d'observation des ours bruns, il est interdit de prendre des photos. Le guide vous indiquera le meilleur moment pour prendre des photos. Le flash n'est pas autoris\u00e9 lors de l'utilisation d'un appareil photo.<\/p>\n\n\n\n<ul class=\"wp-block-list\">\n<li><strong>LA PROBABILIT\u00c9 DE VOIR L'OURS<\/strong><\/li>\n<\/ul>\n\n\n\n<p>La probabilit\u00e9 de voir un ours brun est tr\u00e8s \u00e9lev\u00e9e. Sachez toutefois que l'ours brun est un animal sauvage et que son d\u00e9placement ou sa pr\u00e9sence sous le poste de chasse ne peuvent jamais \u00eatre pr\u00e9dits avec une certitude absolue.<\/p>\n\n\n\n<ul class=\"wp-block-list\">\n<li><strong>NOUS D\u00c9CONSEILLONS AUX ENFANTS DE MOINS DE 10 ANS DE PARTICIPER \u00c0 LA VISITE.<\/strong><\/li>\n<\/ul>\n\n\n\n<p>M\u00eame le moindre bruit dans la cachette de chasse peut emp\u00eacher l'ours de s'approcher. D'apr\u00e8s notre exp\u00e9rience, les jeunes enfants ne sont pas capables de rester immobiles et silencieux pendant deux heures.<\/p>\n\n\n\n<p>Nous vous recommandons de d\u00e9couvrir l'habitat de la faune avec des enfants de moins de 10 ans, en fonction de leurs besoins et de leurs capacit\u00e9s. Nous vous recommandons particuli\u00e8rement d'emprunter un sentier naturel (<em>Suivi des empreintes d'animaux)<\/em>&nbsp;et des promenades guid\u00e9es dans la nature.<\/p>\n\n\n\n<p><strong>HEURE ET LIEU D'OBSERVATION DE L'OURS BRUN<\/strong> <\/p>\n\n\n\n<ol class=\"wp-block-list\">\n<li>Point de rencontre :<\/li>\n<\/ol>\n\n\n\n<p><strong>Centre d'information touristique Lo\u017e<\/strong><\/p>\n\n\n\n<p><strong>Cesta Notranjskega odreda 24<\/strong><\/p>\n\n\n\n<p><strong>SI-1386 Stari trg pri Lo\u017eu<\/strong><\/p>\n\n\n\n<p>T : +386 (0)81 602 853<\/p>\n\n\n\n<p><strong>Veuillez \u00eatre sur place le plus tard possible :&nbsp;<\/strong><\/p>\n\n\n\n<p><strong>Mai : 4:45<\/strong> <strong>PM<\/strong><\/p>\n\n\n\n<p><strong>Juin et juillet et jusqu'au 15 ao\u00fbt : 5:15<\/strong> <strong>PM<\/strong><\/p>\n\n\n\n<p><strong>Du 15 au 31 ao\u00fbt : 16:45<\/strong><\/p>\n\n\n\n<p><strong>Septembre : 4h30<\/strong> <strong>PM<\/strong><\/p>\n\n\n\n<p>Si vous rencontrez des difficult\u00e9s qui vous emp\u00eachent d'arriver \u00e0 l'heure ou qui vous emp\u00eachent carr\u00e9ment de venir, informez-en de toute urgence le personnel au num\u00e9ro de t\u00e9l\u00e9phone +386(0)81 602 853.<\/p>\n\n\n\n<p>Les cachettes sont \u00e0 environ 15 minutes de route du point de rencontre.<\/p>\n\n\n\n<p>Il vous faudra 10 minutes de marche facile \u00e0 travers la for\u00eat pour atteindre la cachette de chasse \u00e0 la cime des arbres.<\/p>\n\n\n\n<p><strong>En entrant dans la for\u00eat, vous devez \u00eatre bien conscient qu'elle est avant tout l'habitat de nombreuses esp\u00e8ces animales. Vous devez vous comporter de mani\u00e8re \u00e0 ne pas d\u00e9ranger ou agiter les animaux.&nbsp;<\/strong><\/p>\n\n\n\n<p>    2. Point de rencontre : <\/p>\n\n\n\n<p><strong>Baza Bar<\/strong><\/p>\n\n\n\n<p><strong>Grahovo 6<\/strong><\/p>\n\n\n\n<p><strong>SI-1384 Grahovo<\/strong><\/p>\n\n\n\n<p>T : +386 (0)31 857 627<\/p>\n\n\n\n<p><strong>Heure de d\u00e9but : 18 heures<\/strong><\/p>\n\n\n\n<p><\/p>","protected":false},"excerpt":{"rendered":"<p>INFORMATION for the participants attending brown bear watching tours in a natural environment. Please note there are 2 locations. The one at 6 pm takes place in Grahovo. Lo\u0161ka dolina Brown bear observation is always a special, wholesome experience. In order to make it pleasant and successful as well, we hereby&nbsp;summarise&nbsp;the most important information and &hellip; <a href=\"https:\/\/bearwatchingslovenia.com\/fr\/observation-instructions\/\">Suite<\/a><\/p>","protected":false},"author":49,"featured_media":66,"parent":0,"menu_order":0,"comment_status":"closed","ping_status":"closed","template":"","meta":{"_acf_changed":false,"footnotes":""},"class_list":["post-140","page","type-page","status-publish","has-post-thumbnail","hentry"],"acf":{"page_subheading":""},"_links":{"self":[{"href":"https:\/\/bearwatchingslovenia.com\/fr\/wp-json\/wp\/v2\/pages\/140","targetHints":{"allow":["GET"]}}],"collection":[{"href":"https:\/\/bearwatchingslovenia.com\/fr\/wp-json\/wp\/v2\/pages"}],"about":[{"href":"https:\/\/bearwatchingslovenia.com\/fr\/wp-json\/wp\/v2\/types\/page"}],"author":[{"embeddable":true,"href":"https:\/\/bearwatchingslovenia.com\/fr\/wp-json\/wp\/v2\/users\/49"}],"replies":[{"embeddable":true,"href":"https:\/\/bearwatchingslovenia.com\/fr\/wp-json\/wp\/v2\/comments?post=140"}],"version-history":[{"count":14,"href":"https:\/\/bearwatchingslovenia.com\/fr\/wp-json\/wp\/v2\/pages\/140\/revisions"}],"predecessor-version":[{"id":770,"href":"https:\/\/bearwatchingslovenia.com\/fr\/wp-json\/wp\/v2\/pages\/140\/revisions\/770"}],"wp:featuredmedia":[{"embeddable":true,"href":"https:\/\/bearwatchingslovenia.com\/fr\/wp-json\/wp\/v2\/media\/66"}],"wp:attachment":[{"href":"https:\/\/bearwatchingslovenia.com\/fr\/wp-json\/wp\/v2\/media?parent=140"}],"curies":[{"name":"wp","href":"https:\/\/api.w.org\/{rel}","templated":true}]}}