{"id":96,"date":"2022-08-31T11:28:58","date_gmt":"2022-08-31T11:28:58","guid":{"rendered":"https:\/\/bearwatchingslovenia.com\/?page_id=96"},"modified":"2022-09-07T12:20:24","modified_gmt":"2022-09-07T12:20:24","slug":"equal-opportunities","status":"publish","type":"page","link":"https:\/\/bearwatchingslovenia.com\/es\/equal-opportunities\/","title":{"rendered":"Igualdad de oportunidades"},"content":{"rendered":"<p>En nuestra peque\u00f1a empresa todas las personas reciben un trato igual o similar y no se ven perjudicadas por prejuicios o parcialidades. Empleamos a personas de distinta procedencia, religi\u00f3n, sexo y orientaci\u00f3n sexual. Esto significa que la mejor persona para un trabajo o un ascenso es la que se gana ese puesto en funci\u00f3n de sus cualificaciones, experiencia y conocimientos. La diversidad de nuestro lugar de trabajo valora las diferencias de cada uno.<\/p>","protected":false},"excerpt":{"rendered":"<p>En nuestra peque\u00f1a empresa todas las personas reciben un trato igual o similar y no se ven perjudicadas por prejuicios o parcialidades. Empleamos a personas de distinta procedencia, religi\u00f3n, sexo y orientaci\u00f3n sexual. Esto significa que la mejor persona para un trabajo o un ascenso es la que se gana ese puesto en funci\u00f3n de sus cualificaciones, experiencia y conocimientos. Nuestro ... <a href=\"https:\/\/bearwatchingslovenia.com\/es\/equal-opportunities\/\">Contin\u00faa en<\/a><\/p>","protected":false},"author":49,"featured_media":0,"parent":0,"menu_order":0,"comment_status":"closed","ping_status":"closed","template":"","meta":{"_acf_changed":false,"footnotes":""},"class_list":["post-96","page","type-page","status-publish","hentry"],"acf":{"page_subheading":""},"_links":{"self":[{"href":"https:\/\/bearwatchingslovenia.com\/es\/wp-json\/wp\/v2\/pages\/96","targetHints":{"allow":["GET"]}}],"collection":[{"href":"https:\/\/bearwatchingslovenia.com\/es\/wp-json\/wp\/v2\/pages"}],"about":[{"href":"https:\/\/bearwatchingslovenia.com\/es\/wp-json\/wp\/v2\/types\/page"}],"author":[{"embeddable":true,"href":"https:\/\/bearwatchingslovenia.com\/es\/wp-json\/wp\/v2\/users\/49"}],"replies":[{"embeddable":true,"href":"https:\/\/bearwatchingslovenia.com\/es\/wp-json\/wp\/v2\/comments?post=96"}],"version-history":[{"count":1,"href":"https:\/\/bearwatchingslovenia.com\/es\/wp-json\/wp\/v2\/pages\/96\/revisions"}],"predecessor-version":[{"id":208,"href":"https:\/\/bearwatchingslovenia.com\/es\/wp-json\/wp\/v2\/pages\/96\/revisions\/208"}],"wp:attachment":[{"href":"https:\/\/bearwatchingslovenia.com\/es\/wp-json\/wp\/v2\/media?parent=96"}],"curies":[{"name":"wp","href":"https:\/\/api.w.org\/{rel}","templated":true}]}}