{"id":81,"date":"2022-08-31T11:25:30","date_gmt":"2022-08-31T11:25:30","guid":{"rendered":"https:\/\/bearwatchingslovenia.com\/?page_id=81"},"modified":"2022-09-05T13:08:48","modified_gmt":"2022-09-05T13:08:48","slug":"partners","status":"publish","type":"page","link":"https:\/\/bearwatchingslovenia.com\/es\/partners\/","title":{"rendered":"Socios"},"content":{"rendered":"<h3 class=\"wp-block-heading\"><a href=\"https:\/\/winetastingbled.com\/\" target=\"_blank\" rel=\"noreferrer noopener\">CATA DE VINOS BLED<\/a><\/h3>\n\n\n\n<p>Conozca los vinos eslovenos de la forma correcta. Pruebe 7 de los mejores vinos eslovenos de diferentes regiones vin\u00edcolas y conozca datos imprescindibles sobre el vino en una bodega centenaria.<\/p>\n\n\n\n<h3 class=\"wp-block-heading\"><a href=\"https:\/\/winetastingljubljana.com\/\" target=\"_blank\" rel=\"noreferrer noopener\">CATA DE VINOS EN LJUBLJANA<\/a><\/h3>\n\n\n\n<p>Disfrute de la degustaci\u00f3n de 7 de los mejores vinos locales de diferentes regiones vin\u00edcolas de Eslovenia en el coraz\u00f3n de nuestra capital, Liubliana.<\/p>\n\n\n\n<h3 class=\"wp-block-heading\"><a href=\"https:\/\/slocally.com\/\" target=\"_blank\" rel=\"noreferrer noopener\">SLOCALLY<\/a><\/h3>\n\n\n\n<p>Al\u00f3jese en Herbal Rooms Homestay y descubra el valle de So\u010da y las regiones vecinas. Este lugar est\u00e1 enclavado entre los Alpes Julianos y el mar Mediterr\u00e1neo, a trav\u00e9s de experiencias locales.<\/p>\n\n\n\n<h3 class=\"wp-block-heading\"><a href=\"https:\/\/freedamtours.com\/\" target=\"_blank\" rel=\"noreferrer noopener\">FREEDAM TOURS<\/a><\/h3>\n\n\n\n<p>El \u00fanico recorrido a pie gratuito de \u00c1msterdam que ofrece la calidad de un peque\u00f1o recorrido de boutique de alta gama.<\/p>\n\n\n\n<h3 class=\"wp-block-heading\"><a href=\"https:\/\/motomaniac.com.my\/\" target=\"_blank\" rel=\"noreferrer noopener\">MOTOMANIAC ADVENTURE CO.<\/a><\/h3>\n\n\n\n<p>Excursiones sin igual en motos de cross por los mejores senderos todoterreno de Malasia.  Si pruebas esta emocionante aventura descubrir\u00e1s partes del pa\u00eds que no sab\u00edas que exist\u00edan.<\/p>\n\n\n\n<p><strong><a rel=\"noreferrer noopener\" href=\"https:\/\/biketourljubljana.com\/\" target=\"_blank\"><br>TOUR EN BICICLETA POR LJUBLJANA<\/a><\/strong><\/p>\n\n\n\n<p>Una forma relajada, vibrante y divertida de recorrer los escenarios y el rico patrimonio cultural de Liubliana. Adem\u00e1s de hermosas vistas, tambi\u00e9n compartiremos intrigantes historias del pasado, as\u00ed como la actualidad de la ciudad.<\/p>\n\n\n\n<h3 class=\"wp-block-heading\"><strong><a href=\"http:\/\/day-trips-slovenia.com\/\" target=\"_blank\" rel=\"noreferrer noopener\">EXCURSIONES DE UN D\u00cdA ESLOVENIA<\/a><\/strong><\/h3>\n\n\n\n<p>Excursiones de un d\u00eda en grupos reducidos y viajes privados desde Liubliana, Bled, Koper, Zagreb y Venecia para conocer los mejores lugares de Eslovenia en combinaci\u00f3n con excursiones de un d\u00eda a las vecinas Croacia e Italia.<\/p>\n\n\n\n<h3 class=\"wp-block-heading\"><strong><a href=\"http:\/\/fishing-guides-slovenia.com\/\" target=\"_blank\" rel=\"noreferrer noopener\">GU\u00cdAS DE PESCA ESLOVENIA<\/a><\/strong><\/h3>\n\n\n\n<p>Una experiencia de pesca inolvidable (viaje y vacaciones, alquiler de equipos) con pescadores locales en bellos rincones de Eslovenia.<\/p>\n\n\n\n<h3 class=\"wp-block-heading\"><strong><a href=\"https:\/\/slovenia-holidays.com\/\" target=\"_blank\" rel=\"noreferrer noopener\">VACACIONES EN ESLOVENIA<\/a><\/strong><\/h3>\n\n\n\n<p>La mayor variedad de vacaciones en Eslovenia. Desde paquetes activos y de aventura hasta viajes organizados con actividades al aire libre, desde vacaciones familiares y escapadas relajadas a ciudades hasta vacaciones de lujo y a medida. Sea cual sea su preferencia, Slovenia Holidays le ofrece los mejores viajes guiados y autoguiados.<\/p>\n\n\n\n<h3 class=\"wp-block-heading\"><strong><a href=\"https:\/\/wine-tours-slovenia.com\/\" target=\"_blank\" rel=\"noreferrer noopener\">ENOTURISMO ESLOVENIA<\/a><\/strong><\/h3>\n\n\n\n<p>Las Rutas del Vino son perfectas tanto para principiantes como para expertos catadores. No se necesitan conocimientos previos. Lo \u00fanico que se requiere son ganas de relajarse, beber vino y relajarse un poco m\u00e1s.<\/p>\n\n\n\n<p>No hay mejor manera de conocer de primera mano la rica tradici\u00f3n vin\u00edcola de Eslovenia, relacionarse con otros viajeros y degustar los despojos de la naturaleza en un solo d\u00eda.<\/p>\n\n\n\n<h3 class=\"wp-block-heading\"><strong><a href=\"https:\/\/bearwatchingslovenia.com\/es\/\" target=\"_blank\" rel=\"noreferrer noopener\">OBSERVACI\u00d3N DE OSOS EN ESLOVENIA<\/a><\/strong><\/h3>\n\n\n\n<p>Experimente la emoci\u00f3n de observar osos en los pr\u00edstinos bosques naturales de Eslovenia. Siga a un experto en fauna salvaje en las profundidades del bosque, donde se encontrar\u00e1 con el oso pardo aut\u00f3ctono de Eslovenia a trav\u00e9s de las amplias ventanas de un mirador de madera seguro, perfecto para hacer fotos incre\u00edbles...<\/p>\n\n\n\n<h3 class=\"wp-block-heading\"><strong><a href=\"https:\/\/sloveniacyclingholidays.com\/\">VACACIONES EN BICICLETA EN ESLOVENIA<\/a><\/strong><\/h3>\n\n\n\n<p>Rutas en bicicleta guiadas o autoguiadas por Eslovenia.<\/p>\n\n\n\n<h3 class=\"wp-block-heading\"><strong><a href=\"https:\/\/walking-holidays-slovenia.com\/\">VACACIONES A PIE ESLOVENIA<\/a><\/strong><\/h3>\n\n\n\n<p>Rutas de senderismo para descubrir la naturaleza eslovena.<\/p>\n\n\n\n<h3 class=\"wp-block-heading\"><strong><a href=\"https:\/\/slovenia-fly-fishing.com\/\">ESLOVENIA PESCA A MOSCA<\/a><\/strong><\/h3>\n\n\n\n<p>Pesca con mosca guiada en las impresionantes aguas de Eslovenia para capturar el pez de su vida.<\/p>\n\n\n\n<h3 class=\"wp-block-heading\"><strong><a href=\"https:\/\/huttohuthikingslovenia.com\/\">SENDERISMO DE CABA\u00d1A EN CABA\u00d1A ESLOVENIA<\/a><\/strong><\/h3>\n\n\n\n<p>Recorra los mejores senderos de los Alpes Julianos.<\/p>\n\n\n\n<h3 class=\"wp-block-heading\"><strong><a href=\"https:\/\/triglavtours.com\/\">TRIGLAV TOURS<\/a><\/strong><\/h3>\n\n\n\n<p>Excursiones guiadas por la monta\u00f1a m\u00e1s emblem\u00e1tica de Eslovenia.<\/p>\n\n\n\n<h3 class=\"wp-block-heading\"><strong><a href=\"https:\/\/slovenia-activities.com\/\">ACTIVIDADES EN ESLOVENIA<\/a><\/strong><\/h3>\n\n\n\n<p>Descubra las mejores cosas que hacer en Eslovenia.<\/p>\n\n\n\n<h3 class=\"wp-block-heading\"><strong><a href=\"https:\/\/weddinglakebled.com\/\">BODA LAGO SANGRADO<\/a><\/strong><\/h3>\n\n\n\n<p>Dise\u00f1an y planifican su boda perfecta en Eslovenia<\/p>\n\n\n\n<h3 class=\"wp-block-heading\"><strong><a href=\"https:\/\/foodtourbled.com\/\">FOOD TOUR BLED<\/a><\/strong><\/h3>\n\n\n\n<p>Encantador viaje gastron\u00f3mico por Bled.<\/p>\n\n\n\n<h3 class=\"wp-block-heading\"><strong><a href=\"https:\/\/foodtourljubljana.com\/\">TOUR GASTRON\u00d3MICO POR LJUBLJANA<\/a><\/strong><\/h3>\n\n\n\n<p>Saboree Eslovenia a trav\u00e9s de los restaurantes locales.<\/p>\n\n\n\n<h3 class=\"wp-block-heading\"><strong><a href=\"https:\/\/cookingclassljubljana.com\/\">CLASE DE COCINA EN LJUBLJANA<\/a><\/strong><\/h3>\n\n\n\n<p>Prepare un plato tradicional esloveno inspirado en las recetas de la abuela.<\/p>\n\n\n\n<h3 class=\"wp-block-heading\"><strong><a href=\"https:\/\/thebalkantours.com\/\">LA GIRA BALC\u00c1NICA<\/a><\/strong><\/h3>\n\n\n\n<p>Vacaciones inolvidables por los pa\u00edses balc\u00e1nicos.<\/p>\n\n\n\n<h3 class=\"wp-block-heading\"><strong><a href=\"https:\/\/hvarstagdo.com\/\">HVAR STAG DO<\/a><\/strong><\/h3>\n\n\n\n<p>Disfrute de un fin de semana de despedida de soltero \u00e9pico en la isla m\u00e1s fiestera de Croacia.<\/p>\n\n\n\n<h3 class=\"wp-block-heading\"><strong><a href=\"https:\/\/croatiatunafishing.com\/\">PESCA DEL AT\u00daN EN CROACIA<\/a><\/strong><\/h3>\n\n\n\n<p>Charter de pesca de altura para pescar el at\u00fan de su vida.<\/p>\n\n\n\n<h3 class=\"wp-block-heading\"><strong><a href=\"https:\/\/sloveniaprivatetours.com\/\" target=\"_blank\" rel=\"noreferrer noopener\">ESLOVENIA VIAJES PRIVADOS<\/a><\/strong><\/h3>\n\n\n\n<p>Los Tours Privados por Eslovenia son su oportunidad de experimentar nuestro pa\u00eds completamente libre de estr\u00e9s, disfrutando de la compa\u00f1\u00eda de un conductor y gu\u00eda local profesional que le mostrar\u00e1 lo que es Eslovenia.<\/p>\n\n\n\n<h3 class=\"wp-block-heading\"><strong><a href=\"https:\/\/shoreexcursionskoper.com\/\" target=\"_blank\" rel=\"noreferrer noopener\">EXCURSIONES EN TIERRA KOPER<\/a><\/strong><\/h3>\n\n\n\n<p>Las mejores excursiones guiadas en tierra desde Koper por Eslovenia para descubrir tanto sus principales atracciones como sus joyas ocultas.<\/p>\n\n\n\n<h3 class=\"wp-block-heading\"><a href=\"https:\/\/sloveniawedding.com\/\" target=\"_blank\" rel=\"noreferrer noopener\"><strong>BODA EN ESLOVENIA<\/strong><\/a><\/h3>\n\n\n\n<p>Una gran variedad de fant\u00e1sticos paquetes de boda y magn\u00edficos lugares por toda Eslovenia.<\/p>\n\n\n\n<h3 class=\"wp-block-heading\"><a href=\"https:\/\/sloveniatours.com\/\" target=\"_blank\" rel=\"noreferrer noopener\"><strong>VIAJES A ESLOVENIA<\/strong><\/a><\/h3>\n\n\n\n<p>Visitas guiadas de varios d\u00edas a Eslovenia para descubrir tanto sus principales atracciones como sus joyas ocultas. Desde las vacaciones m\u00e1s tranquilas a las m\u00e1s activas, sus gu\u00edas locales te acompa\u00f1ar\u00e1n en el viaje por lo mejor de Eslovenia.<\/p>","protected":false},"excerpt":{"rendered":"<p>DEGUSTACI\u00d3N DE VINOS Conozca los vinos eslovenos de la forma correcta. Deguste 7 de los mejores vinos eslovenos de diferentes regiones vin\u00edcolas y aprenda datos imprescindibles sobre el vino en una bodega de 100 a\u00f1os de antig\u00fcedad. CATA DE VINOS LJUBLJANA Disfrute de la cata de 7 de los mejores vinos locales de diferentes regiones vin\u00edcolas de Eslovenia en el coraz\u00f3n de nuestra capital, Liubliana. ... <a href=\"https:\/\/bearwatchingslovenia.com\/es\/partners\/\">Contin\u00faa en<\/a><\/p>","protected":false},"author":49,"featured_media":0,"parent":0,"menu_order":0,"comment_status":"closed","ping_status":"closed","template":"","meta":{"_acf_changed":false,"footnotes":""},"class_list":["post-81","page","type-page","status-publish","hentry"],"acf":{"page_subheading":""},"_links":{"self":[{"href":"https:\/\/bearwatchingslovenia.com\/es\/wp-json\/wp\/v2\/pages\/81","targetHints":{"allow":["GET"]}}],"collection":[{"href":"https:\/\/bearwatchingslovenia.com\/es\/wp-json\/wp\/v2\/pages"}],"about":[{"href":"https:\/\/bearwatchingslovenia.com\/es\/wp-json\/wp\/v2\/types\/page"}],"author":[{"embeddable":true,"href":"https:\/\/bearwatchingslovenia.com\/es\/wp-json\/wp\/v2\/users\/49"}],"replies":[{"embeddable":true,"href":"https:\/\/bearwatchingslovenia.com\/es\/wp-json\/wp\/v2\/comments?post=81"}],"version-history":[{"count":3,"href":"https:\/\/bearwatchingslovenia.com\/es\/wp-json\/wp\/v2\/pages\/81\/revisions"}],"predecessor-version":[{"id":175,"href":"https:\/\/bearwatchingslovenia.com\/es\/wp-json\/wp\/v2\/pages\/81\/revisions\/175"}],"wp:attachment":[{"href":"https:\/\/bearwatchingslovenia.com\/es\/wp-json\/wp\/v2\/media?parent=81"}],"curies":[{"name":"wp","href":"https:\/\/api.w.org\/{rel}","templated":true}]}}