{"id":140,"date":"2022-09-01T13:14:59","date_gmt":"2022-09-01T13:14:59","guid":{"rendered":"https:\/\/bearwatchingslovenia.com\/?page_id=140"},"modified":"2025-08-07T11:34:15","modified_gmt":"2025-08-07T11:34:15","slug":"observation-instructions","status":"publish","type":"page","link":"https:\/\/bearwatchingslovenia.com\/es\/observation-instructions\/","title":{"rendered":"Instrucciones de observaci\u00f3n"},"content":{"rendered":"<p><strong>INFORMACI\u00d3N<\/strong><\/p>\n\n\n\n<p>para los participantes en las excursiones de observaci\u00f3n del oso pardo en un entorno natural.<\/p>\n\n\n\n<p>Tenga en cuenta que hay dos lugares. La de las 18:00 horas tiene lugar en Grahovo.<\/p>\n\n\n\n<p><strong>Lo\u0161ka dolina<\/strong><\/p>\n\n\n\n<p><strong>La observaci\u00f3n del oso pardo es siempre una experiencia especial y saludable. Para que tambi\u00e9n sea agradable y fruct\u00edfera, por la presente&nbsp;<\/strong><strong>resumir<\/strong><strong>&nbsp;la informaci\u00f3n y las recomendaciones m\u00e1s importantes.<\/strong><\/p>\n\n\n\n<ul class=\"wp-block-list\">\n<li><strong>GRUPOS<\/strong><\/li>\n<\/ul>\n\n\n\n<p>Un grupo de cuatro adultos puede ir a un escondite de caza; hay varios escondites de caza disponibles. Un gu\u00eda experimentado permanecer\u00e1 con el grupo durante toda la sesi\u00f3n.<\/p>\n\n\n\n<p>La comunicaci\u00f3n b\u00e1sica se mantiene sobre todo en ingl\u00e9s; para explicaciones m\u00e1s largas y complejas puede dirigirse al personal del punto de encuentro.<\/p>\n\n\n\n<ul class=\"wp-block-list\">\n<li><strong>EQUIPO<\/strong><\/li>\n<\/ul>\n\n\n\n<p>La ropa y el calzado deben corresponderse con la estaci\u00f3n y el tiempo. Recomendamos llevar botas de senderismo ligeras o calzado deportivo en tiempo seco. En el bosque, a unos 700 metros sobre el nivel del mar, las temperaturas nocturnas pueden ser m\u00e1s fr\u00edas que en el valle. Por eso, la ropa de abrigo es muy \u00fatil en primavera y oto\u00f1o. En verano, se recomienda llevar al menos una prenda de manga larga.<\/p>\n\n\n\n<p>El equipo no debe hacer ruido, chasquidos ni crujidos.<\/p>\n\n\n\n<p>Est\u00e1 prohibido utilizar accesorios perfumados o repelentes de insectos.<\/p>\n\n\n\n<ul class=\"wp-block-list\">\n<li><strong>NIVEL DE DIFICULTAD F\u00cdSICA<\/strong><\/li>\n<\/ul>\n\n\n\n<p>Los participantes, que asisten a una excursi\u00f3n de observaci\u00f3n de osos pardos, deben ser capaces de caminar por el bosque durante unos 10 minutos, subir una escalera de 3 m y sentarse tranquila y silenciosamente en un escondite de caza durante unas dos horas.<\/p>\n\n\n\n<p>Si tiene alg\u00fan problema m\u00e9dico que pueda afectar de alg\u00fan modo a la visita de observaci\u00f3n, informe al organizador de su estado para que se pueda encontrar una soluci\u00f3n adecuada.<\/p>\n\n\n\n<ul class=\"wp-block-list\">\n<li><strong>C\u00d3MO COMPORTARSE EN UN ESCONDITE DE CAZA<\/strong><\/li>\n<\/ul>\n\n\n\n<p><strong>Es necesario mantener la calma y la tranquilidad.<\/strong><\/p>\n\n\n\n<p>El participante no puede abandonar un escondite de caza durante la sesi\u00f3n. Si desea terminar la excursi\u00f3n de observaci\u00f3n del oso pardo antes de lo previsto, informe de ello a su gu\u00eda. Informe tambi\u00e9n a su gu\u00eda si tiene cualquier otro problema en el escondite.<\/p>\n\n\n\n<p>No se permite llevar comida al puesto de caza. Le recomendamos que solo lleve una peque\u00f1a botella de agua.<\/p>\n\n\n\n<p>Los tel\u00e9fonos m\u00f3viles deben estar apagados desde el momento en que se entra en el bosque hasta el final de la excursi\u00f3n de observaci\u00f3n del oso pardo.<\/p>\n\n\n\n<ul class=\"wp-block-list\">\n<li><strong>FOTOS<\/strong><\/li>\n<\/ul>\n\n\n\n<p>Al principio de una excursi\u00f3n de observaci\u00f3n de osos pardos no est\u00e1 permitido hacer fotos. El gu\u00eda indicar\u00e1 el mejor momento para hacer fotos. No se permite el uso de flash mientras se utiliza una c\u00e1mara.<\/p>\n\n\n\n<ul class=\"wp-block-list\">\n<li><strong>LA PROBABILIDAD DE VER AL OSO<\/strong><\/li>\n<\/ul>\n\n\n\n<p>La probabilidad de ver un oso pardo es muy alta. Tenga en cuenta, sin embargo, que el oso pardo es un animal salvaje y que nunca se puede predecir con absoluta certeza su movimiento o presencia debajo de la piel de caza.<\/p>\n\n\n\n<ul class=\"wp-block-list\">\n<li><strong>ACONSEJAMOS QUE LOS NI\u00d1OS MENORES DE 10 A\u00d1OS NO ASISTAN A LA EXCURSI\u00d3N<\/strong><\/li>\n<\/ul>\n\n\n\n<p>Incluso el m\u00e1s m\u00ednimo ruido en el escondite de caza puede impedir que el oso se acerque. Seg\u00fan nuestra experiencia, los ni\u00f1os peque\u00f1os no son capaces de permanecer sentados y quietos durante dos horas.<\/p>\n\n\n\n<p>Le recomendamos que conozca el h\u00e1bitat natural con ni\u00f1os menores de 10 a\u00f1os en funci\u00f3n de sus necesidades y capacidades. Le recomendamos especialmente que haga un recorrido por la naturaleza (<em>Seguimiento de huellas de animales)<\/em>&nbsp;y paseos guiados por la naturaleza.<\/p>\n\n\n\n<p><strong>HORA Y LUGAR DE OBSERVACI\u00d3N DEL OSO PARDO<\/strong> <\/p>\n\n\n\n<ol class=\"wp-block-list\">\n<li>Punto de encuentro:<\/li>\n<\/ol>\n\n\n\n<p><strong>Centro de Informaci\u00f3n Tur\u00edstica de Lo\u017e<\/strong><\/p>\n\n\n\n<p><strong>Cesta Notranjskega odreda 24<\/strong><\/p>\n\n\n\n<p><strong>SI-1386 Stari trg pri Lo\u017eu<\/strong><\/p>\n\n\n\n<p>T: +386 (0)81 602 853<\/p>\n\n\n\n<p><strong>Por favor, pres\u00e9ntese en el lugar a m\u00e1s tardar el&nbsp;<\/strong><\/p>\n\n\n\n<p><strong>Mayo: 4:45<\/strong> <strong>PM<\/strong><\/p>\n\n\n\n<p><strong>Junio y julio y hasta el 15 de agosto: 5:15<\/strong> <strong>PM<\/strong><\/p>\n\n\n\n<p><strong>Del 15 al 31 de agosto: 16:45<\/strong><\/p>\n\n\n\n<p><strong>Septiembre: 4:30<\/strong> <strong>PM<\/strong><\/p>\n\n\n\n<p>Si encuentra dificultades que le impidan llegar a tiempo o le impidan venir del todo, informe urgentemente al personal a trav\u00e9s del n\u00famero de tel\u00e9fono +386(0)81 602 853.<\/p>\n\n\n\n<p>Los escondites est\u00e1n a unos 15 minutos en coche del punto de encuentro.<\/p>\n\n\n\n<p>Para llegar al escondite de caza en las copas de los \u00e1rboles hay que caminar 10 minutos por el bosque.<\/p>\n\n\n\n<p><strong>Al entrar en el bosque, debe ser consciente de que es principalmente el h\u00e1bitat de numerosas especies animales. Debe comportarse de forma que no moleste ni agite a los animales.&nbsp;<\/strong><\/p>\n\n\n\n<p>    2. Punto de encuentro: <\/p>\n\n\n\n<p><strong>Bar Baza<\/strong><\/p>\n\n\n\n<p><strong>Grahovo 6<\/strong><\/p>\n\n\n\n<p><strong>SI-1384 Grahovo<\/strong><\/p>\n\n\n\n<p>T: +386 (0)31 857 627<\/p>\n\n\n\n<p><strong>Hora de inicio: 18.00 horas<\/strong><\/p>\n\n\n\n<p><\/p>","protected":false},"excerpt":{"rendered":"<p>INFORMACI\u00d3N para los participantes en excursiones de observaci\u00f3n de osos pardos en un entorno natural. Tenga en cuenta que hay 2 lugares. La de las 18.00 horas tiene lugar en Grahovo. Lo\u0161ka dolina La observaci\u00f3n del oso pardo es siempre una experiencia especial y saludable. Para que resulte agradable y tambi\u00e9n fruct\u00edfera, resumimos a continuaci\u00f3n la informaci\u00f3n m\u00e1s importante y ... <a href=\"https:\/\/bearwatchingslovenia.com\/es\/observation-instructions\/\">Contin\u00faa en<\/a><\/p>","protected":false},"author":49,"featured_media":66,"parent":0,"menu_order":0,"comment_status":"closed","ping_status":"closed","template":"","meta":{"_acf_changed":false,"footnotes":""},"class_list":["post-140","page","type-page","status-publish","has-post-thumbnail","hentry"],"acf":{"page_subheading":""},"_links":{"self":[{"href":"https:\/\/bearwatchingslovenia.com\/es\/wp-json\/wp\/v2\/pages\/140","targetHints":{"allow":["GET"]}}],"collection":[{"href":"https:\/\/bearwatchingslovenia.com\/es\/wp-json\/wp\/v2\/pages"}],"about":[{"href":"https:\/\/bearwatchingslovenia.com\/es\/wp-json\/wp\/v2\/types\/page"}],"author":[{"embeddable":true,"href":"https:\/\/bearwatchingslovenia.com\/es\/wp-json\/wp\/v2\/users\/49"}],"replies":[{"embeddable":true,"href":"https:\/\/bearwatchingslovenia.com\/es\/wp-json\/wp\/v2\/comments?post=140"}],"version-history":[{"count":14,"href":"https:\/\/bearwatchingslovenia.com\/es\/wp-json\/wp\/v2\/pages\/140\/revisions"}],"predecessor-version":[{"id":770,"href":"https:\/\/bearwatchingslovenia.com\/es\/wp-json\/wp\/v2\/pages\/140\/revisions\/770"}],"wp:featuredmedia":[{"embeddable":true,"href":"https:\/\/bearwatchingslovenia.com\/es\/wp-json\/wp\/v2\/media\/66"}],"wp:attachment":[{"href":"https:\/\/bearwatchingslovenia.com\/es\/wp-json\/wp\/v2\/media?parent=140"}],"curies":[{"name":"wp","href":"https:\/\/api.w.org\/{rel}","templated":true}]}}