{"id":93,"date":"2022-08-31T11:27:47","date_gmt":"2022-08-31T11:27:47","guid":{"rendered":"https:\/\/bearwatchingslovenia.com\/?page_id=93"},"modified":"2022-09-07T12:20:16","modified_gmt":"2022-09-07T12:20:16","slug":"sustainability","status":"publish","type":"page","link":"https:\/\/bearwatchingslovenia.com\/de\/sustainability\/","title":{"rendered":"Nachhaltigkeit"},"content":{"rendered":"<h2 class=\"wp-block-heading\">LEITBILD<\/h2>\n\n\n\n<p>Wir sind ein zukunftsorientiertes Incoming-Reiseb\u00fcro, das es sich zur Aufgabe gemacht hat, seinen Kunden ein einzigartiges, lokales Erlebnis zu bieten und unser lokales Angebot mit Aktivit\u00e4ten zu erg\u00e4nzen. Wir tun dies, indem wir kulturelles und umweltfreundliches Engagement durch enge Verbindungen zu lokalen Anbietern f\u00f6rdern. Wir sehen es als unsere Pflicht an, direkt mit Anbietern, Kunden und der Gemeinschaft im Allgemeinen zusammenzuarbeiten, um die Nachhaltigkeit durch Bildung und den Erhalt der kulturellen und nat\u00fcrlichen Ressourcen in unseren Reisezielen zu f\u00f6rdern.<\/p>\n\n\n\n<h2 class=\"wp-block-heading\">NACHHALTIGKEITSPOLITIK VON HUD D.O.O.<\/h2>\n\n\n\n<p>Wir setzen uns f\u00fcr den Schutz der Umwelt und die Verringerung unserer negativen Auswirkungen auf die Natur ein. Wir verpflichten uns, auf folgende Weise zu handeln, um die Umwelt zu erhalten:<\/p>\n\n\n\n<ul class=\"wp-block-list\"><li>die Umweltschutzvorschriften einhalten,<\/li><li>die Auswirkungen unserer Aktivit\u00e4ten auf die Umwelt zu \u00fcberwachen,<\/li><li>die in der Nachhaltigkeitspolitik festgelegten Ziele und Ma\u00dfnahmen zu erf\u00fcllen,<\/li><li>die Mitarbeiter \u00fcber unsere Nachhaltigkeitspolitik, -ziele und -ma\u00dfnahmen zu informieren<\/li><li>G\u00e4ste und Lieferanten \u00fcber unsere Bem\u00fchungen zu informieren, die negativen Auswirkungen unserer T\u00e4tigkeit auf die Umwelt zu verringern, und sie zu ermutigen, sich daran zu beteiligen und uns zu unterst\u00fctzen,<\/li><li>F\u00f6rderung der nachhaltigen Mobilit\u00e4t und anderer umweltfreundlicher Praktiken bei unseren Mitarbeitern.<\/li><\/ul>\n\n\n\n<p>Besondere Aufmerksamkeit widmen wir den folgenden Bereichen:<\/p>\n\n\n\n<h2 class=\"wp-block-heading\">STROMVERBRAUCH<\/h2>\n\n\n\n<p>Unser Unternehmen ist bestrebt, seine Energieleistung kontinuierlich zu verbessern und sein Treibhausgasemissionsprofil zu reduzieren.<\/p>\n\n\n\n<p>Um die Ziele zu erreichen, wird das Unternehmen:<\/p>\n\n\n\n<ol class=\"wp-block-list\"><li>Senkung des Energiebedarfs in allen Bereichen des Unternehmens:<\/li><\/ol>\n\n\n\n<p>Haushaltsger\u00e4te und Elektronik - Kaufen Sie energieeffiziente Produkte und betreiben Sie sie effizient. Verwenden Sie eine fortschrittliche Steckdosenleiste, um \"Vampirlasten\" zu reduzieren -&gt; Strom, der verschwendet wird, wenn Elektronik nicht in Gebrauch ist. Beleuchtung -&gt; Kaufen Sie energieeffiziente Produkte, betreiben Sie sie effizient und sorgen Sie f\u00fcr mehr Tageslicht in unserem B\u00fcro durch energieeffiziente Fenster und Oberlichter. Elektrische Raumheizung und -k\u00fchlung -&gt; Kaufen Sie energieeffiziente elektrische Systeme und betreiben Sie diese effizient. Isolieren und dichten Sie unser B\u00fcro gut ab.  Elektrische Warmwasserbereitung -&gt; Kaufen Sie einen energieeffizienten elektrischen Warmwasserbereiter und betreiben Sie ihn effizient oder w\u00e4hlen Sie einen energieeffizienten Warmwasserbereiter, der keinen Strom verbraucht.<\/p>\n\n\n\n<ol class=\"wp-block-list\"><li>Energie effizienter nutzen<\/li><li>Energieversorgung aus erneuerbaren Quellen<\/li><li>\u00dcberwachung, Messung und Berichterstattung \u00fcber Energieverbrauchs- und Erzeugungsdaten; und<\/li><li>Sensibilisierung des gesamten Personals, der Studenten und der Auftragnehmer f\u00fcr die Verantwortung zur Energieeinsparung.<\/li><\/ol>\n\n\n\n<p>Wir mieten R\u00e4umlichkeiten in einem B\u00fcrogeb\u00e4ude, das eine umweltfreundliche Architektur aufweist und den Verbrauch von Energie und Treibhausgasen durch eine sorgf\u00e4ltige Auswahl von Materialien und eine einwandfreie Technik drastisch reduziert. Eine hinterl\u00fcftete Aluminiumfassade mit W\u00e4rmed\u00e4mmung, Mehrschichtverglasung, die M\u00f6glichkeit, Fenster zu \u00f6ffnen, ein zentrales Kontrollsystem zur \u00dcberwachung von K\u00fchlung\/Heizung und Fernw\u00e4rme tragen ebenfalls zu niedrigen Betriebskosten bei.<\/p>\n\n\n\n<h2 class=\"wp-block-heading\">WASSERVERBRAUCH<\/h2>\n\n\n\n<p>Bei Hud d.o.o. gehen wir sorgf\u00e4ltig mit Wasser um. Neben den beiden Wasserh\u00e4hnen im B\u00fcro befinden sich bunte Aufkleber, die unsere Mitarbeiter zum Wassersparen auffordern.<\/p>\n\n\n\n<h2 class=\"wp-block-heading\">ABFALLWIRTSCHAFT<\/h2>\n\n\n\n<p>Wir bem\u00fchen uns, die im B\u00fcro anfallende Abfallmenge zu reduzieren, insbesondere die Menge an Plastik. Zu diesem Zweck kaufen wir Waren ohne oder mit wenig<br>Verpackung. Die Waren werden nach M\u00f6glichkeit in gro\u00dfen Mengen eingekauft. Wir trennen auch unsere Abf\u00e4lle (Papier, Kunststoffe und Verpackungen, Glas), die dann in die entsprechenden st\u00e4dtischen Container entsorgt und recycelt werden.<\/p>\n\n\n\n<h2 class=\"wp-block-heading\">VERBRAUCH VON ANDEREN RESSOURCEN (PAPIER)<\/h2>\n\n\n\n<p>Hud d.o.o. reduziert den Papierverbrauch durch die Konzentration auf digitales Marketing und Online-Kommunikation. Der Druck der verbleibenden Materialien wird sorgf\u00e4ltig und pr\u00e4zise geplant, um ungenutztes Restmaterial zu vermeiden. Wir verwenden zertifiziertes Recyclingpapier.<\/p>\n\n\n\n<h2 class=\"wp-block-heading\">HR-POLITIK<\/h2>\n\n\n\n<p>In unserem Unternehmen sorgen wir f\u00fcr gute Arbeitsbedingungen. Wir respektieren die nationale und internationale Gesetzgebung im Bereich der Arbeits- und Menschenrechte. Die Mitarbeiter werden regelm\u00e4\u00dfig geschult und sind mit den Nachhaltigkeitsstrategien, -zielen und -ma\u00dfnahmen des Unternehmens vertraut.<\/p>\n\n\n\n<h2 class=\"wp-block-heading\">EINKAUFSPOLITIK<\/h2>\n\n\n\n<p>In unserem Unternehmen Hud d.o.o. sind wir uns bewusst, dass wir durch den Kauf lokaler Waren und Dienstleistungen zum Wohlergehen der lokalen Gemeinschaft beitragen. Unsere Einkaufspolitik bevorzugt daher lokale Produkte sowie umweltvertr\u00e4gliche Produkte und Produkte mit Nachhaltigkeitszertifikaten (Fair Trade, Bio, FSC usw.).<\/p>\n\n\n\n<h2 class=\"wp-block-heading\"><strong>GESAMTZIEL<\/strong><\/h2>\n\n\n\n<p>Wir m\u00f6chten unsere Leidenschaft f\u00fcr Slowenien und unser Wissen \u00fcber seine Natur, Geschichte und Menschen mit unseren G\u00e4sten teilen, indem wir nachhaltige Reisen anbieten, die f\u00fcr unser Unternehmen rentabel und f\u00fcr die lokalen Gemeinschaften und die Umwelt von Nutzen sind.<\/p>\n\n\n\n<p><strong>GEMEINSCHAFTEN UND KULTUR<\/strong><\/p>\n\n\n\n<p>- Durchf\u00fchrung und Unterst\u00fctzung von Naturschutz- und Bildungsprojekten sowie Spenden und Unterst\u00fctzung von Wohlt\u00e4tigkeitsorganisationen und Initiativen in den besuchten Gemeinden<\/p>\n\n\n\n<p>- F\u00fchren Sie Touren durch, um den Nutzen f\u00fcr das kulturelle Erbe der besuchten Gemeinden zu maximieren und ihnen einen Anreiz zu geben, ihre Kultur zu erhalten und zu sch\u00fctzen.<\/p>\n\n\n\n<p>- Entwicklung der F\u00e4higkeit der Gastgemeinden, ihren Lebensunterhalt durch den Tourismus zu verdienen, indem sie dabei unterst\u00fctzt werden, Teil eines Tourismusnetzwerks zu werden, die Branche zu verstehen und Marktzugang zu erhalten<\/p>\n\n\n\n<p><strong>WIRTSCHAFTLICHE VERANTWORTUNG<\/strong><\/p>\n\n\n\n<p>- Lassen Sie das Geld in der Region, indem Sie (so viel wie m\u00f6glich) vor Ort kaufen und in familiengef\u00fchrten Pensionen und Hotels \u00fcbernachten.<\/p>\n\n\n\n<p>- Einkommensschaffende Ma\u00dfnahmen durch Einstellung, Ausbildung und F\u00f6rderung der Beteiligung von Einheimischen an der Durchf\u00fchrung unserer Touren und Aktivit\u00e4ten<\/p>\n\n\n\n<p>- Ermutigung unserer G\u00e4ste, lokales Handwerk und Dienstleistungen zu kaufen<\/p>\n\n\n\n<p><strong>UMWELTVERANTWORTUNG<\/strong><\/p>\n\n\n\n<p>- Wir bieten qualitativ hochwertige, umweltfreundliche Touren an, indem wir unsere Reiseleiter so ausbilden, dass sie internationalen Standards entsprechen.<\/p>\n\n\n\n<p>- Sensibilisierung der lokalen Gemeinschaften f\u00fcr die Bedeutung des Schutzes der nat\u00fcrlichen Ressourcen Sloweniens<\/p>\n\n\n\n<p>- Unterst\u00fctzung und Initiierung lokaler Wiederaufforstungs- und Naturschutzprojekte<\/p>\n\n\n\n<p><strong>TOURISMUSBRANCHE<\/strong><\/p>\n\n\n\n<p>- Eintreten f\u00fcr einen verantwortungsvollen Ansatz bei der Entwicklung des Tourismus<\/p>\n\n\n\n<p><strong>UNSER TEAM<\/strong><\/p>\n\n\n\n<p>- Bereitstellung lohnender Arbeitserfahrungen f\u00fcr unsere jungen Mitarbeiter<\/p>\n\n\n\n<p>- Pers\u00f6nliche Ziele: Wir unterst\u00fctzen die Mitarbeiter weiterhin bei der Verfolgung pers\u00f6nlicher Ziele<\/p>\n\n\n\n<p>- Flexibles Arbeiten: Wir bieten weiterhin ein flexibles Arbeitsumfeld, und bisher wurde allen Antr\u00e4gen der Mitarbeiter auf \u00c4nderung ihres Arbeitsrhythmus stattgegeben.<\/p>\n\n\n\n<p>- Ausbildung: 50% Beitrag zu den Ausbildungskosten f\u00fcr 2 neue Fremdenf\u00fchrer bis 2023<\/p>\n\n\n\n<p><strong>UNSERE KUNDEN<\/strong><\/p>\n\n\n\n<p>- Verbesserung der Kommunikation \u00fcber die verantwortungsvollen Aspekte unserer Touren<\/p>\n\n\n\n<p>- Ermutigung unserer G\u00e4ste zur Unterst\u00fctzung lokaler Kinder aus bed\u00fcrftigen Familien. Erreichen einer Spendensumme von 10000\u20ac bis 2024<\/p>\n\n\n\n<h3 class=\"wp-block-heading\">REISEPARTNER-AUSZEICHNUNG<\/h3>\n\n\n\n<figure class=\"wp-block-image\"><img decoding=\"async\" src=\"https:\/\/old.bearwatchingslovenia.com\/wp-content\/uploads\/partner-300x117.webp\" alt=\"partner\" class=\"wp-image-3540\"\/><\/figure>\n\n\n\n<p>Die Travelife-Partner-Auszeichnung ist eine Anerkennung f\u00fcr unser Engagement f\u00fcr soziale und \u00f6kologische Nachhaltigkeit. Auf der Grundlage einer \u00fcberpr\u00fcften Selbsteinsch\u00e4tzung erf\u00fcllen wir mehr als 100 Kriterien in den Bereichen Nachhaltigkeitsmanagement, B\u00fcrobetrieb, Zusammenarbeit mit Lieferanten und Kundenkommunikation. Wir arbeiten an weiteren Verbesserungen, um schlie\u00dflich die von Dritten gepr\u00fcfte Stufe Travelife Certified zu erreichen.<\/p>\n\n\n\n<p>Das Team von Hud d.o.o. freut sich, Ihnen mitteilen zu k\u00f6nnen, dass wir mit dem&nbsp;<strong>Travelife f\u00fcr Reiseveranstalter und Reiseb\u00fcros<\/strong>&nbsp;Programm. Travelife ist ein international anerkanntes, vom Global Sustainable Tourism Council (GSTC) akkreditiertes Schulungs-, Management- und Zertifizierungsprogramm f\u00fcr Nachhaltigkeit im Tourismus. Es handelt sich um ein dreistufiges Zertifizierungsprogramm f\u00fcr Reiseveranstalter und Reiseb\u00fcros: (1) Travelife Engaged; (2) Travelife Partner und (3) Travelife Certified.<\/p>\n\n\n\n<p>Wir streben danach, Travelife Partner zu werden und uns weiter zu verbessern, um schlie\u00dflich die Travelife Certified Kriterien zu erf\u00fcllen.<\/p>\n\n\n\n<p>Unsere Leistungen im Bereich der Nachhaltigkeit sind in diesem&nbsp;<a href=\"https:\/\/old.bearwatchingslovenia.com\/wp-content\/uploads\/sustainability-report-hud-d.o.o.pdf\" target=\"_blank\" rel=\"noreferrer noopener\">Bericht zur Nachhaltigkeit<\/a>.<\/p>\n\n\n\n<p>F\u00fcr Fragen und Anmerkungen zur Nachhaltigkeitspolitik kontaktieren Sie uns bitte unter info@bearwatchingslovenia.com.<\/p>","protected":false},"excerpt":{"rendered":"<p>MISSION STATEMENT Wir sind ein zukunftsorientiertes Incoming-Reiseb\u00fcro, dessen Ziel es ist, unseren Kunden ein einzigartiges, lokales Erlebnis zu bieten und unser lokales Angebot um Aktivit\u00e4ten zu erweitern. Wir tun dies, indem wir kulturelles und umweltfreundliches Engagement durch enge Verbindungen mit lokalen Anbietern f\u00f6rdern. Wir sehen es als unsere Pflicht an, direkt mit den Anbietern zu arbeiten, ... <a href=\"https:\/\/bearwatchingslovenia.com\/de\/sustainability\/\">Fortsetzung<\/a><\/p>","protected":false},"author":49,"featured_media":0,"parent":0,"menu_order":0,"comment_status":"closed","ping_status":"closed","template":"","meta":{"_acf_changed":false,"footnotes":""},"class_list":["post-93","page","type-page","status-publish","hentry"],"acf":{"page_subheading":""},"_links":{"self":[{"href":"https:\/\/bearwatchingslovenia.com\/de\/wp-json\/wp\/v2\/pages\/93","targetHints":{"allow":["GET"]}}],"collection":[{"href":"https:\/\/bearwatchingslovenia.com\/de\/wp-json\/wp\/v2\/pages"}],"about":[{"href":"https:\/\/bearwatchingslovenia.com\/de\/wp-json\/wp\/v2\/types\/page"}],"author":[{"embeddable":true,"href":"https:\/\/bearwatchingslovenia.com\/de\/wp-json\/wp\/v2\/users\/49"}],"replies":[{"embeddable":true,"href":"https:\/\/bearwatchingslovenia.com\/de\/wp-json\/wp\/v2\/comments?post=93"}],"version-history":[{"count":1,"href":"https:\/\/bearwatchingslovenia.com\/de\/wp-json\/wp\/v2\/pages\/93\/revisions"}],"predecessor-version":[{"id":95,"href":"https:\/\/bearwatchingslovenia.com\/de\/wp-json\/wp\/v2\/pages\/93\/revisions\/95"}],"wp:attachment":[{"href":"https:\/\/bearwatchingslovenia.com\/de\/wp-json\/wp\/v2\/media?parent=93"}],"curies":[{"name":"wp","href":"https:\/\/api.w.org\/{rel}","templated":true}]}}