{"id":87,"date":"2022-08-31T11:26:43","date_gmt":"2022-08-31T11:26:43","guid":{"rendered":"https:\/\/bearwatchingslovenia.com\/?page_id=87"},"modified":"2022-09-07T12:20:31","modified_gmt":"2022-09-07T12:20:31","slug":"cookie-policy","status":"publish","type":"page","link":"https:\/\/bearwatchingslovenia.com\/de\/cookie-policy\/","title":{"rendered":"Cookie-Politik"},"content":{"rendered":"<h3 class=\"wp-block-heading\">\u00dcBER DIESE COOKIE-RICHTLINIE.<\/h3>\n\n\n\n<p>Diese Cookie-Richtlinie erkl\u00e4rt, was Cookies sind und wie wir sie verwenden. Sie sollten diese Richtlinie lesen, um zu verstehen, was Cookies sind, wie wir sie verwenden, welche Arten von Cookies wir verwenden, d.h. welche Informationen wir mit Hilfe von Cookies sammeln und wie diese Informationen verwendet werden, und wie Sie die Cookie-Einstellungen steuern k\u00f6nnen. Weitere Informationen dar\u00fcber, wie wir Ihre pers\u00f6nlichen Daten verwenden, speichern und sicher aufbewahren, finden Sie in unserer Datenschutzrichtlinie.<\/p>\n\n\n\n<p>Sie k\u00f6nnen Ihre Einwilligung in der Cookie-Erkl\u00e4rung auf unserer Website jederzeit \u00e4ndern oder widerrufen.<\/p>\n\n\n\n<p>In unserer Datenschutzerkl\u00e4rung erfahren Sie mehr dar\u00fcber, wer wir sind, wie Sie uns kontaktieren k\u00f6nnen und wie wir personenbezogene Daten verarbeiten.<\/p>\n\n\n\n<p>Ihre Zustimmung gilt f\u00fcr die folgenden Bereiche:&nbsp;<a href=\"https:\/\/old.bearwatchingslovenia.com\/\">bearwatchingslovenia.com<\/a><\/p>\n\n\n\n<p>Ihr aktueller Status: Keine Zustimmung erteilt.&nbsp;<a>Verwalten Sie Ihre Zustimmung.<\/a><\/p>\n\n\n\n<h3 class=\"wp-block-heading\">WAS SIND COOKIES?<\/h3>\n\n\n\n<p>Cookies sind kleine Textdateien, die dazu dienen, kleine Informationen zu speichern. Die Cookies werden auf Ihrem Ger\u00e4t gespeichert, wenn die Website \u00fcber Ihren Browser geladen wird. Diese Cookies helfen uns, die Website ordnungsgem\u00e4\u00df funktionieren zu lassen, die Website sicherer zu machen, eine bessere Benutzererfahrung zu bieten und zu verstehen, wie die Website funktioniert und zu analysieren, was funktioniert und wo sie verbessert werden muss.<\/p>\n\n\n\n<h3 class=\"wp-block-heading\">WIE VERWENDEN WIR COOKIES?<\/h3>\n\n\n\n<p>Wie die meisten Online-Dienste verwendet unsere Website Cookies von Erstanbietern und Drittanbietern f\u00fcr eine Reihe von Zwecken. Die Erstanbieter-Cookies sind meist notwendig, damit die Website richtig funktioniert, und sie sammeln keine personenbezogenen Daten.<\/p>\n\n\n\n<p>Die Cookies von Drittanbietern, die auf unseren Websites verwendet werden, dienen in erster Linie dazu, zu verstehen, wie die Website funktioniert, wie Sie mit unserer Website interagieren, unsere Dienste sicher zu halten, f\u00fcr Sie relevante Werbung bereitzustellen und Ihnen alles in allem eine bessere und verbesserte Benutzererfahrung zu bieten und Ihre zuk\u00fcnftigen Interaktionen mit unserer Website zu beschleunigen.<\/p>\n\n\n\n<h3 class=\"wp-block-heading\">WELCHE ARTEN VON COOKIES VERWENDEN WIR?<\/h3>\n\n\n\n<p>Die auf unserer Website verwendeten Cookies werden in die folgenden Kategorien eingeteilt.<\/p>\n\n\n\n<h5 class=\"wp-block-heading\">N\u00d6TIG<\/h5>\n\n\n\n<p>Dies ist eine notwendige Kategorie.<\/p>\n\n\n\n<h5 class=\"wp-block-heading\">NICHT NOTWENDIG<\/h5>\n\n\n\n<p>Dies ist eine nicht notwendige Kategorie.<\/p>\n\n\n\n<p>In der folgenden Liste sind die auf unserer Website verwendeten Cookies aufgef\u00fchrt.<\/p>\n\n\n\n<figure class=\"wp-block-table\"><table><thead><tr><th scope=\"col\">COOKIE<\/th><th scope=\"col\">BESCHREIBUNG<\/th><\/tr><\/thead><tbody><tr><th>Erforderlich<\/th><\/tr><tr><td>viewed_cookie_policy<\/td><td>Das Cookie wird vom GDPR Cookie Consent Plugin gesetzt und wird verwendet, um zu speichern, ob der Nutzer der Verwendung von Cookies zugestimmt hat oder nicht. Es speichert keine pers\u00f6nlichen Daten.<\/td><\/tr><tr><td>cookielawinfo-checkbox-necessary<\/td><td>Dieses Cookie wird vom GDPR Cookie Consent Plugin gesetzt. Das Cookie wird verwendet, um die Zustimmung des Nutzers f\u00fcr die Cookies der Kategorie \"Notwendig\" zu speichern.<\/td><\/tr><tr><td>cookielawinfo-checkbox-non-necessary<\/td><td>Dieses Cookie wird vom GDPR Cookie Consent Plugin gesetzt. Das Cookie wird verwendet, um die Zustimmung des Nutzers f\u00fcr die Cookies der Kategorie \"Nicht notwendig\" zu speichern.<\/td><\/tr><tr><th>Nicht notwendig<\/th><\/tr><tr><td>test_cookie<\/td><td><\/td><\/tr><\/tbody><\/table><\/figure>\n\n\n\n<h3 class=\"wp-block-heading\">WIE KANN ICH DIE COOKIE-EINSTELLUNGEN KONTROLLIEREN?<\/h3>\n\n\n\n<p>Sie k\u00f6nnen Ihre Cookie-Pr\u00e4ferenzen verwalten, indem Sie auf die Schaltfl\u00e4che \"Einstellungen\" klicken und die Cookie-Kategorien auf dem Popup-Fenster entsprechend Ihren Pr\u00e4ferenzen aktivieren oder deaktivieren.<\/p>\n\n\n\n<p>Sollten Sie Ihre Einstellungen sp\u00e4ter \u00e4ndern wollen, k\u00f6nnen Sie auf die Registerkarte \"Datenschutz und Cookie-Richtlinie\" auf Ihrem Bildschirm klicken. Dadurch wird der Hinweis auf die Einwilligung erneut angezeigt, so dass Sie Ihre Einstellungen \u00e4ndern oder Ihre Einwilligung vollst\u00e4ndig widerrufen k\u00f6nnen.<\/p>\n\n\n\n<p>Dar\u00fcber hinaus bieten die verschiedenen Browser unterschiedliche Methoden zum Blockieren und L\u00f6schen von Cookies, die von Websites verwendet werden. Sie k\u00f6nnen die Einstellungen Ihres Browsers \u00e4ndern, um die Cookies zu blockieren\/l\u00f6schen.<\/p>","protected":false},"excerpt":{"rendered":"<p>\u00dcBER DIESE COOKIE-RICHTLINIE. Diese Cookie-Richtlinie erkl\u00e4rt, was Cookies sind und wie wir sie verwenden. Sie sollten diese Richtlinie lesen, um zu verstehen, was Cookies sind, wie wir sie verwenden, welche Arten von Cookies wir verwenden, d.h. welche Informationen wir mit Hilfe von Cookies sammeln und wie diese Informationen verwendet werden, und wie Sie die Cookies kontrollieren k\u00f6nnen... <a href=\"https:\/\/bearwatchingslovenia.com\/de\/cookie-policy\/\">Fortsetzung<\/a><\/p>","protected":false},"author":49,"featured_media":0,"parent":0,"menu_order":0,"comment_status":"closed","ping_status":"closed","template":"","meta":{"_acf_changed":false,"footnotes":""},"class_list":["post-87","page","type-page","status-publish","hentry"],"acf":{"page_subheading":""},"_links":{"self":[{"href":"https:\/\/bearwatchingslovenia.com\/de\/wp-json\/wp\/v2\/pages\/87","targetHints":{"allow":["GET"]}}],"collection":[{"href":"https:\/\/bearwatchingslovenia.com\/de\/wp-json\/wp\/v2\/pages"}],"about":[{"href":"https:\/\/bearwatchingslovenia.com\/de\/wp-json\/wp\/v2\/types\/page"}],"author":[{"embeddable":true,"href":"https:\/\/bearwatchingslovenia.com\/de\/wp-json\/wp\/v2\/users\/49"}],"replies":[{"embeddable":true,"href":"https:\/\/bearwatchingslovenia.com\/de\/wp-json\/wp\/v2\/comments?post=87"}],"version-history":[{"count":1,"href":"https:\/\/bearwatchingslovenia.com\/de\/wp-json\/wp\/v2\/pages\/87\/revisions"}],"predecessor-version":[{"id":89,"href":"https:\/\/bearwatchingslovenia.com\/de\/wp-json\/wp\/v2\/pages\/87\/revisions\/89"}],"wp:attachment":[{"href":"https:\/\/bearwatchingslovenia.com\/de\/wp-json\/wp\/v2\/media?parent=87"}],"curies":[{"name":"wp","href":"https:\/\/api.w.org\/{rel}","templated":true}]}}