{"id":81,"date":"2022-08-31T11:25:30","date_gmt":"2022-08-31T11:25:30","guid":{"rendered":"https:\/\/bearwatchingslovenia.com\/?page_id=81"},"modified":"2022-09-05T13:08:48","modified_gmt":"2022-09-05T13:08:48","slug":"partners","status":"publish","type":"page","link":"https:\/\/bearwatchingslovenia.com\/de\/partners\/","title":{"rendered":"Partner"},"content":{"rendered":"<h3 class=\"wp-block-heading\"><a href=\"https:\/\/winetastingbled.com\/\" target=\"_blank\" rel=\"noreferrer noopener\">WEINVERKOSTUNG GEBLUTET<\/a><\/h3>\n\n\n\n<p>Lernen Sie die slowenischen Weine auf die richtige Art und Weise kennen. Probieren Sie die 7 besten slowenischen Weine aus verschiedenen Weinregionen und erfahren Sie Wissenswertes \u00fcber den Wein in einem 100 Jahre alten Weinkeller!<\/p>\n\n\n\n<h3 class=\"wp-block-heading\"><a href=\"https:\/\/winetastingljubljana.com\/\" target=\"_blank\" rel=\"noreferrer noopener\">WEINVERKOSTUNG LJUBLJANA<\/a><\/h3>\n\n\n\n<p>Genie\u00dfen Sie die Verkostung von 7 der besten lokalen Weine aus verschiedenen Weinbauregionen Sloweniens im Herzen unserer Hauptstadt Ljubljana.<\/p>\n\n\n\n<h3 class=\"wp-block-heading\"><a href=\"https:\/\/slocally.com\/\" target=\"_blank\" rel=\"noreferrer noopener\">SLOCALLY<\/a><\/h3>\n\n\n\n<p>\u00dcbernachten Sie im Herbal Rooms Homestay und entdecken Sie das So\u010da-Tal und die angrenzenden Regionen. Dieser Ort ist eingebettet zwischen den Julischen Alpen und dem Mittelmeer, durch lokale Erfahrungen.<\/p>\n\n\n\n<h3 class=\"wp-block-heading\"><a href=\"https:\/\/freedamtours.com\/\" target=\"_blank\" rel=\"noreferrer noopener\">FREEDAM TOURS<\/a><\/h3>\n\n\n\n<p>Der einzige kostenlose Rundgang in Amsterdam, der die Qualit\u00e4t einer kleinen, hochwertigen Boutique-Tour bietet.<\/p>\n\n\n\n<h3 class=\"wp-block-heading\"><a href=\"https:\/\/motomaniac.com.my\/\" target=\"_blank\" rel=\"noreferrer noopener\">MOTOMANIAC ADVENTURE CO.<\/a><\/h3>\n\n\n\n<p>Unvergleichliche Ausfl\u00fcge mit Gel\u00e4ndemotorr\u00e4dern auf Malaysias besten Offroad-Strecken.  Auf dieser aufregenden Reise werden Sie Teile des Landes entdecken, von denen Sie nie wussten, dass sie existieren.<\/p>\n\n\n\n<p><strong><a rel=\"noreferrer noopener\" href=\"https:\/\/biketourljubljana.com\/\" target=\"_blank\"><br>RADTOUR LJUBLJANA<\/a><\/strong><\/p>\n\n\n\n<p>Ein entspannter, lebendiger und unterhaltsamer Weg durch die Szenen und das reiche kulturelle Erbe von Ljubljana. Neben sch\u00f6nen Sehensw\u00fcrdigkeiten erz\u00e4hlen wir auch spannende Geschichten aus der Vergangenheit und dem aktuellen Geschehen in der Stadt.<\/p>\n\n\n\n<h3 class=\"wp-block-heading\"><strong><a href=\"http:\/\/day-trips-slovenia.com\/\" target=\"_blank\" rel=\"noreferrer noopener\">TAGESAUSFL\u00dcGE SLOWENIEN<\/a><\/strong><\/h3>\n\n\n\n<p>Eine kleine Gruppe von Tagesausfl\u00fcgen und privaten Touren von Ljubljana, Bled, Koper, Zagreb und Venedig zu den sch\u00f6nsten Orten in Slowenien in Kombination mit Tagesausfl\u00fcgen ins benachbarte Kroatien und Italien.<\/p>\n\n\n\n<h3 class=\"wp-block-heading\"><strong><a href=\"http:\/\/fishing-guides-slovenia.com\/\" target=\"_blank\" rel=\"noreferrer noopener\">FISCHEREIF\u00dcHRER SLOWENIEN<\/a><\/strong><\/h3>\n\n\n\n<p>Unvergessliche Angelerlebnisse (Ausflug &amp; Urlaub, Ausr\u00fcstungsverleih) mit einheimischen Fischern an wundersch\u00f6nen versteckten Pl\u00e4tzen in Slowenien.<\/p>\n\n\n\n<h3 class=\"wp-block-heading\"><strong><a href=\"https:\/\/slovenia-holidays.com\/\" target=\"_blank\" rel=\"noreferrer noopener\">SLOWENIEN URLAUB<\/a><\/strong><\/h3>\n\n\n\n<p>Die gr\u00f6\u00dfte Auswahl an Ferien in Slowenien. Von Aktiv- und Abenteuerpaketen bis hin zu organisierten Reisen mit Outdoor-Aktivit\u00e4ten, von Familienurlauben und entspannten St\u00e4dtereisen bis hin zu Luxus- und ma\u00dfgeschneiderten Reisen. Was auch immer Sie bevorzugen, Slovenia Holidays hat f\u00fcr Sie die besten gef\u00fchrten und selbstgef\u00fchrten Touren.<\/p>\n\n\n\n<h3 class=\"wp-block-heading\"><strong><a href=\"https:\/\/wine-tours-slovenia.com\/\" target=\"_blank\" rel=\"noreferrer noopener\">WEINTOUREN SLOWENIEN<\/a><\/strong><\/h3>\n\n\n\n<p>Die Weintouren sind sowohl f\u00fcr Anf\u00e4nger als auch f\u00fcr erfahrene Weinverkoster geeignet. Sie brauchen keine Vorkenntnisse. Das Einzige, was Sie brauchen, ist der Wunsch, sich zu entspannen, Wein zu trinken und noch mehr zu entspannen.<\/p>\n\n\n\n<p>Es gibt keine bessere M\u00f6glichkeit, die reiche Weinbautradition Sloweniens aus erster Hand zu erfahren, Kontakte zu kn\u00fcpfen und die Natur an einem einzigen Tag zu genie\u00dfen.<\/p>\n\n\n\n<h3 class=\"wp-block-heading\"><strong><a href=\"https:\/\/bearwatchingslovenia.com\/de\/\" target=\"_blank\" rel=\"noreferrer noopener\">B\u00c4RENBEOBACHTUNG SLOWENIEN<\/a><\/strong><\/h3>\n\n\n\n<p>Erleben Sie den Nervenkitzel einer B\u00e4renbeobachtung in den unber\u00fchrten Naturw\u00e4ldern Sloweniens. Folgen Sie einem Wildtierexperten tief in den Wald, wo Sie Sloweniens einheimischen Braunb\u00e4ren durch die gro\u00dfen Fenster eines sicheren h\u00f6lzernen Aussichtspunkts begegnen - perfekt, um tolle Fotos zu machen<\/p>\n\n\n\n<h3 class=\"wp-block-heading\"><strong><a href=\"https:\/\/sloveniacyclingholidays.com\/\">SLOWENIEN RADURLAUB<\/a><\/strong><\/h3>\n\n\n\n<p>Gef\u00fchrte oder selbstgef\u00fchrte Radtouren durch Slowenien.<\/p>\n\n\n\n<h3 class=\"wp-block-heading\"><strong><a href=\"https:\/\/walking-holidays-slovenia.com\/\">WANDERURLAUB SLOWENIEN<\/a><\/strong><\/h3>\n\n\n\n<p>Wandertouren zur Entdeckung der slowenischen Natur.<\/p>\n\n\n\n<h3 class=\"wp-block-heading\"><strong><a href=\"https:\/\/slovenia-fly-fishing.com\/\">SLOWENIEN FLIEGENFISCHEN<\/a><\/strong><\/h3>\n\n\n\n<p>Gef\u00fchrtes Fliegenfischen in den herrlichen Gew\u00e4ssern Sloweniens, um den Fisch Ihres Lebens zu fangen.<\/p>\n\n\n\n<h3 class=\"wp-block-heading\"><strong><a href=\"https:\/\/huttohuthikingslovenia.com\/\">H\u00dcTTE ZU H\u00dcTTE WANDERN SLOWENIEN<\/a><\/strong><\/h3>\n\n\n\n<p>Wandern Sie auf den sch\u00f6nsten Wanderwegen der Julischen Alpen.<\/p>\n\n\n\n<h3 class=\"wp-block-heading\"><strong><a href=\"https:\/\/triglavtours.com\/\">TRIGLAV TOURS<\/a><\/strong><\/h3>\n\n\n\n<p>Gef\u00fchrte Touren auf den ber\u00fchmtesten Berg Sloweniens.<\/p>\n\n\n\n<h3 class=\"wp-block-heading\"><strong><a href=\"https:\/\/slovenia-activities.com\/\">SLOWENIEN AKTIVIT\u00c4TEN<\/a><\/strong><\/h3>\n\n\n\n<p>Erleben Sie die besten Dinge, die Sie in Slowenien tun k\u00f6nnen.<\/p>\n\n\n\n<h3 class=\"wp-block-heading\"><strong><a href=\"https:\/\/weddinglakebled.com\/\">HOCHZEIT SEE BLUTETE<\/a><\/strong><\/h3>\n\n\n\n<p>Sie entwerfen und planen Ihre perfekte Hochzeit in Slowenien<\/p>\n\n\n\n<h3 class=\"wp-block-heading\"><strong><a href=\"https:\/\/foodtourbled.com\/\">FOOD TOUR BLED<\/a><\/strong><\/h3>\n\n\n\n<p>Bezaubernde Food Journey in Bled.<\/p>\n\n\n\n<h3 class=\"wp-block-heading\"><strong><a href=\"https:\/\/foodtourljubljana.com\/\">KULINARISCHE TOUR LJUBLJANA<\/a><\/strong><\/h3>\n\n\n\n<p>Der Geschmack Sloweniens in lokalen Restaurants.<\/p>\n\n\n\n<h3 class=\"wp-block-heading\"><strong><a href=\"https:\/\/cookingclassljubljana.com\/\">KOCHKURS LJUBLJANA<\/a><\/strong><\/h3>\n\n\n\n<p>Bereiten Sie ein traditionelles slowenisches Gericht nach den Rezepten Ihrer Gro\u00dfmutter zu.<\/p>\n\n\n\n<h3 class=\"wp-block-heading\"><strong><a href=\"https:\/\/thebalkantours.com\/\">DIE BALKANTOUR<\/a><\/strong><\/h3>\n\n\n\n<p>Unvergessliche Ferien in den Balkanl\u00e4ndern.<\/p>\n\n\n\n<h3 class=\"wp-block-heading\"><strong><a href=\"https:\/\/hvarstagdo.com\/\">HVAR STAG DO<\/a><\/strong><\/h3>\n\n\n\n<p>Erleben Sie ein unvergessliches Junggesellen-Wochenende auf Kroatiens bester Partyinsel.<\/p>\n\n\n\n<h3 class=\"wp-block-heading\"><strong><a href=\"https:\/\/croatiatunafishing.com\/\">THUNFISCHFANG IN KROATIEN<\/a><\/strong><\/h3>\n\n\n\n<p>Gro\u00dfwildfang-Charter, um den Thunfisch des Lebens zu fangen.<\/p>\n\n\n\n<h3 class=\"wp-block-heading\"><strong><a href=\"https:\/\/sloveniaprivatetours.com\/\" target=\"_blank\" rel=\"noreferrer noopener\">SLOWENIEN PRIVATREISEN<\/a><\/strong><\/h3>\n\n\n\n<p>Private Touren durch Slowenien sind Ihre Chance, unser Land v\u00f6llig stressfrei zu erleben, in Begleitung eines professionellen einheimischen Fahrers und Reiseleiters, der Ihnen zeigt, was Slowenien ausmacht.<\/p>\n\n\n\n<h3 class=\"wp-block-heading\"><strong><a href=\"https:\/\/shoreexcursionskoper.com\/\" target=\"_blank\" rel=\"noreferrer noopener\">LANDAUSFL\u00dcGE KOPER<\/a><\/strong><\/h3>\n\n\n\n<p>Die besten gef\u00fchrten Landausfl\u00fcge ab Koper in Slowenien, um sowohl die Hauptattraktionen als auch die versteckten Juwelen zu entdecken.<\/p>\n\n\n\n<h3 class=\"wp-block-heading\"><a href=\"https:\/\/sloveniawedding.com\/\" target=\"_blank\" rel=\"noreferrer noopener\"><strong>SLOWENIEN HOCHZEIT<\/strong><\/a><\/h3>\n\n\n\n<p>Eine Vielzahl fantastischer Hochzeitspakete und wundersch\u00f6ner Veranstaltungsorte in ganz Slowenien.<\/p>\n\n\n\n<h3 class=\"wp-block-heading\"><a href=\"https:\/\/sloveniatours.com\/\" target=\"_blank\" rel=\"noreferrer noopener\"><strong>SLOWENIEN-TOUREN<\/strong><\/a><\/h3>\n\n\n\n<p>Mehrt\u00e4gige gef\u00fchrte Touren nach Slowenien, um sowohl die Top-Attraktionen als auch verborgene Sch\u00e4tze zu entdecken. Ob gem\u00fctlich oder aktiv, die \u00f6rtlichen Reiseleiter begleiten Sie auf Ihrer Reise durch das Beste von Slowenien.<\/p>","protected":false},"excerpt":{"rendered":"<p>WINE TASTING BLED Lernen Sie die slowenischen Weine auf die richtige Art und Weise kennen. Verkosten Sie 7 der besten slowenischen Weine aus verschiedenen Weinregionen und erfahren Sie Wissenswertes \u00fcber den Wein in einem 100 Jahre alten Weinkeller! WINE TASTING LJUBLJANA Genie\u00dfen Sie die Verkostung von 7 der besten lokalen Weine aus verschiedenen Weinregionen Sloweniens im Herzen unserer Hauptstadt Ljubljana. ... <a href=\"https:\/\/bearwatchingslovenia.com\/de\/partners\/\">Fortsetzung<\/a><\/p>","protected":false},"author":49,"featured_media":0,"parent":0,"menu_order":0,"comment_status":"closed","ping_status":"closed","template":"","meta":{"_acf_changed":false,"footnotes":""},"class_list":["post-81","page","type-page","status-publish","hentry"],"acf":{"page_subheading":""},"_links":{"self":[{"href":"https:\/\/bearwatchingslovenia.com\/de\/wp-json\/wp\/v2\/pages\/81","targetHints":{"allow":["GET"]}}],"collection":[{"href":"https:\/\/bearwatchingslovenia.com\/de\/wp-json\/wp\/v2\/pages"}],"about":[{"href":"https:\/\/bearwatchingslovenia.com\/de\/wp-json\/wp\/v2\/types\/page"}],"author":[{"embeddable":true,"href":"https:\/\/bearwatchingslovenia.com\/de\/wp-json\/wp\/v2\/users\/49"}],"replies":[{"embeddable":true,"href":"https:\/\/bearwatchingslovenia.com\/de\/wp-json\/wp\/v2\/comments?post=81"}],"version-history":[{"count":3,"href":"https:\/\/bearwatchingslovenia.com\/de\/wp-json\/wp\/v2\/pages\/81\/revisions"}],"predecessor-version":[{"id":175,"href":"https:\/\/bearwatchingslovenia.com\/de\/wp-json\/wp\/v2\/pages\/81\/revisions\/175"}],"wp:attachment":[{"href":"https:\/\/bearwatchingslovenia.com\/de\/wp-json\/wp\/v2\/media?parent=81"}],"curies":[{"name":"wp","href":"https:\/\/api.w.org\/{rel}","templated":true}]}}